{"id":97,"date":"2014-05-23T16:19:56","date_gmt":"2014-05-23T14:19:56","guid":{"rendered":"http:\/\/kenya.evolutiontravel.it\/infovacanze\/?page_id=97"},"modified":"2018-11-15T10:05:11","modified_gmt":"2018-11-15T09:05:11","slug":"usi-costumi","status":"publish","type":"page","link":"https:\/\/kenya.evolutiontravel.it\/infovacanze\/informazioni\/usi-costumi\/","title":{"rendered":"Usi e costumi in Kenya"},"content":{"rendered":"<p>Conosce le <strong>tradizioni del Kenya, gli usi e i costumi<\/strong> della popolazione keniota vi far\u00e0 apprezzare ancora di pi\u00f9 questo paese africano, sinonimo di natura selvaggia e incontaminata. <strong>Culla dell\u2019umanit\u00e0<\/strong>, in Kenya coesistono diversi usi e costumi proprio perch\u00e9 le <strong>etnie presenti sono molteplici<\/strong>, circa 40. L\u2019etnia maggiore \u00e8 quella dei <strong>Kikuyu<\/strong> seguita dai <strong>Luo<\/strong> e dai <strong>Kalenjin<\/strong>; la lingua ufficiale \u00e8 l\u2019<strong>inglese e lo Swahili<\/strong>.<\/p>\n<p>La maggior parte degli abitanti kenioti vive in contesti rurali, in <strong>abitazioni che variano da trib\u00f9 a trib\u00f9<\/strong>. La popolazione forse pi\u00f9 famosa, ma oggi la pi\u00f9 esigua, \u00e8 quella dei <strong>Masai<\/strong>, pastori che vivono sugli altipiani al confine con la Tanzania.<\/p>\n<p>L\u2019alimento principale \u00e8 <strong>il mais<\/strong> declinato in diverse ricette. In alcune aeree un&#8217;altra pietanza comune \u00e8 <strong>il manzo,<\/strong> mentre nelle zone di mare\u00a0 <strong>il pesce<\/strong>.<\/p>\n<p>Per quanto riguarda le bevande, si consuma soprattutto <strong>t\u00e8 con latte,<\/strong> <strong>birre prodotte in loco<\/strong>, <strong>vino di palma<\/strong> e una <strong>birra fatta con il miele<\/strong> che si utilizza per accompagnare dei piatti di carne particolari.<\/p>\n<p>A guardare l\u2019<strong>abbigliamento<\/strong>, le tradizioni differiscono da etnia ad etnia. I luo ed i kikuyu ad esempio hanno iniziato a indossare <strong>abiti occidentali,<\/strong> mentre altre etnie sono rimaste pi\u00f9 attaccate alle loro vesti.<\/p>\n<p>Anche in citt\u00e0 molte donne indossano il <em><strong>kanga<\/strong><\/em>, un foulard che avvolge tutto il corpo e a volte anche il capo. Le donne che invece vivono nelle trib\u00f9 del nord del paese vestono il <em><strong>gorfa<\/strong><\/em>, mantelli di pelle di capra o pecora dipinte di nero o rosso.<\/p>\n<p>Ci\u00f2 che caratterizza i diversi <strong>momenti della vita<\/strong> di un cittadino keniota \u00e8 riscontrabile nell\u2019<strong>uso di gioielli e acconciature<\/strong> come ad esempio le <strong>famose donne Turkana<\/strong> che allungano i loro colli con ornamenti di perline.<\/p>\n<p><strong>Societ\u00e0 patriarcale<\/strong> nella quale la donna non viene considerata paritaria, in Kenya gli usi e costumi legati al <strong>matrimonio<\/strong> prevedono che sia l\u2019uomo a scegliere la sua sposa negoziando con il padre il costo in termini di bestiame o di denaro.<\/p>\n<p>A caratterizzare lo <strong>spirito keniota \u00e8 una spiccata generosit\u00e0<\/strong> alla quale non si pu\u00f2 rispondere con un rifiuto: se amichevolmente vi viene offerta una tazza di t\u00e8 \u00e8 scortese declinare. Se incontrate un cittadino che conoscete \u00e8 inoltre buona educazione assicurarsi della buona salute della sua famiglia.<\/p>\n<p style=\"text-align: center\"><strong>OFFERTE VIAGGI E VACANZE IN KENYA con Evolution Travel<\/strong><\/p>\n<p style=\"text-align: center\"><strong><span style=\"color: #008000\">CLICCA E SCOPRI SUBITO<\/span><\/strong>: programma viaggio, foto, recensioni, attivit\u00e0 e servizi inclusi nei pacchetti!<\/p>\n<p style=\"text-align: center\"><strong>NON PERDERE QUESTE OCCASIONI!<\/strong><\/p>\n<div class=\"feedzy-ec2af83f3ac2b8589073a2b73455dca2 feedzy-rss\"><ul>Feed has no items.<\/ul> <\/div>\n<h3>Argomenti di interesse<\/h3>\n<p>Clicca sull&#8217;argomento qui di seguito per approfondire:<\/p>\n<ul>\n<li><a href=\"https:\/\/kenya.evolutiontravel.it\/infovacanze\/cosa-vedere\/\">Cosa vedere in Kenya<\/a><\/li>\n<li><a href=\"https:\/\/kenya.evolutiontravel.it\/infovacanze\/cosa-vedere\/\">Quando andare in Kenya?<\/a><\/li>\n<li><a href=\"https:\/\/kenya.evolutiontravel.it\/infovacanze\/informazioni\/kenya-vaccinazioni\/\">Vaccinazioni necessarie per andare in Kenya<\/a><\/li>\n<\/ul>\n","protected":false},"excerpt":{"rendered":"<p>Conosce le tradizioni del Kenya, gli usi e i costumi della popolazione keniota vi far\u00e0 apprezzare ancora di pi\u00f9 questo paese africano, sinonimo di natura selvaggia e incontaminata. Culla dell\u2019umanit\u00e0, in Kenya coesistono diversi usi e costumi proprio perch\u00e9 le etnie presenti sono molteplici, circa 40. L\u2019etnia maggiore \u00e8 quella dei Kikuyu seguita dai Luo <a class=\"moretag\" href=\"https:\/\/kenya.evolutiontravel.it\/infovacanze\/informazioni\/usi-costumi\/\">[&#8230;]<\/a><\/p>\n","protected":false},"author":6,"featured_media":0,"parent":6,"menu_order":0,"comment_status":"closed","ping_status":"open","template":"templates\/template-with-right-sidebar.php","meta":{"footnotes":""},"yoast_head":"<!-- This site is optimized with the Yoast SEO plugin v21.9.1 - https:\/\/yoast.com\/wordpress\/plugins\/seo\/ -->\n<title>Tradizioni in Kenya e usi e costumi africani - Evolution Travel<\/title>\n<meta name=\"description\" content=\"Conoscere usi e costumi e tradizioni del Kenya vi far\u00e0 amare ancora di pi\u00f9 questo paese africano: leggi il nostro articolo, parti con Evolution Travel!\" \/>\n<meta name=\"robots\" content=\"index, follow, max-snippet:-1, max-image-preview:large, max-video-preview:-1\" \/>\n<link rel=\"canonical\" href=\"https:\/\/kenya.evolutiontravel.it\/infovacanze\/informazioni\/usi-costumi\/\" \/>\n<meta property=\"og:locale\" content=\"it_IT\" \/>\n<meta property=\"og:type\" content=\"article\" \/>\n<meta property=\"og:title\" content=\"Tradizioni in Kenya e usi e costumi africani - Evolution Travel\" \/>\n<meta property=\"og:description\" content=\"Conoscere usi e costumi e tradizioni del Kenya vi far\u00e0 amare ancora di pi\u00f9 questo paese africano: leggi il nostro articolo, parti con Evolution Travel!\" \/>\n<meta property=\"og:url\" content=\"https:\/\/kenya.evolutiontravel.it\/infovacanze\/informazioni\/usi-costumi\/\" \/>\n<meta property=\"og:site_name\" content=\"Kenya\" \/>\n<meta property=\"article:modified_time\" content=\"2018-11-15T09:05:11+00:00\" \/>\n<meta name=\"twitter:label1\" content=\"Tempo di lettura stimato\" \/>\n\t<meta name=\"twitter:data1\" content=\"2 minuti\" \/>\n<script type=\"application\/ld+json\" class=\"yoast-schema-graph\">{\"@context\":\"https:\/\/schema.org\",\"@graph\":[{\"@type\":\"WebPage\",\"@id\":\"https:\/\/kenya.evolutiontravel.it\/infovacanze\/informazioni\/usi-costumi\/\",\"url\":\"https:\/\/kenya.evolutiontravel.it\/infovacanze\/informazioni\/usi-costumi\/\",\"name\":\"Tradizioni in Kenya e usi e costumi africani - Evolution Travel\",\"isPartOf\":{\"@id\":\"https:\/\/kenya.evolutiontravel.it\/infovacanze\/#website\"},\"datePublished\":\"2014-05-23T14:19:56+00:00\",\"dateModified\":\"2018-11-15T09:05:11+00:00\",\"description\":\"Conoscere usi e costumi e tradizioni del Kenya vi far\u00e0 amare ancora di pi\u00f9 questo paese africano: leggi il nostro articolo, parti con Evolution Travel!\",\"breadcrumb\":{\"@id\":\"https:\/\/kenya.evolutiontravel.it\/infovacanze\/informazioni\/usi-costumi\/#breadcrumb\"},\"inLanguage\":\"it-IT\",\"potentialAction\":[{\"@type\":\"ReadAction\",\"target\":[\"https:\/\/kenya.evolutiontravel.it\/infovacanze\/informazioni\/usi-costumi\/\"]}]},{\"@type\":\"BreadcrumbList\",\"@id\":\"https:\/\/kenya.evolutiontravel.it\/infovacanze\/informazioni\/usi-costumi\/#breadcrumb\",\"itemListElement\":[{\"@type\":\"ListItem\",\"position\":1,\"name\":\"Kenya, informazioni utili per le vacanze\",\"item\":\"https:\/\/kenya.evolutiontravel.it\/infovacanze\/informazioni\/\"},{\"@type\":\"ListItem\",\"position\":2,\"name\":\"Usi e costumi in Kenya\"}]},{\"@type\":\"WebSite\",\"@id\":\"https:\/\/kenya.evolutiontravel.it\/infovacanze\/#website\",\"url\":\"https:\/\/kenya.evolutiontravel.it\/infovacanze\/\",\"name\":\"Kenya\",\"description\":\"\",\"potentialAction\":[{\"@type\":\"SearchAction\",\"target\":{\"@type\":\"EntryPoint\",\"urlTemplate\":\"https:\/\/kenya.evolutiontravel.it\/infovacanze\/?s={search_term_string}\"},\"query-input\":\"required name=search_term_string\"}],\"inLanguage\":\"it-IT\"}]}<\/script>\n<!-- \/ Yoast SEO plugin. -->","yoast_head_json":{"title":"Tradizioni in Kenya e usi e costumi africani - Evolution Travel","description":"Conoscere usi e costumi e tradizioni del Kenya vi far\u00e0 amare ancora di pi\u00f9 questo paese africano: leggi il nostro articolo, parti con Evolution Travel!","robots":{"index":"index","follow":"follow","max-snippet":"max-snippet:-1","max-image-preview":"max-image-preview:large","max-video-preview":"max-video-preview:-1"},"canonical":"https:\/\/kenya.evolutiontravel.it\/infovacanze\/informazioni\/usi-costumi\/","og_locale":"it_IT","og_type":"article","og_title":"Tradizioni in Kenya e usi e costumi africani - Evolution Travel","og_description":"Conoscere usi e costumi e tradizioni del Kenya vi far\u00e0 amare ancora di pi\u00f9 questo paese africano: leggi il nostro articolo, parti con Evolution Travel!","og_url":"https:\/\/kenya.evolutiontravel.it\/infovacanze\/informazioni\/usi-costumi\/","og_site_name":"Kenya","article_modified_time":"2018-11-15T09:05:11+00:00","twitter_misc":{"Tempo di lettura stimato":"2 minuti"},"schema":{"@context":"https:\/\/schema.org","@graph":[{"@type":"WebPage","@id":"https:\/\/kenya.evolutiontravel.it\/infovacanze\/informazioni\/usi-costumi\/","url":"https:\/\/kenya.evolutiontravel.it\/infovacanze\/informazioni\/usi-costumi\/","name":"Tradizioni in Kenya e usi e costumi africani - Evolution Travel","isPartOf":{"@id":"https:\/\/kenya.evolutiontravel.it\/infovacanze\/#website"},"datePublished":"2014-05-23T14:19:56+00:00","dateModified":"2018-11-15T09:05:11+00:00","description":"Conoscere usi e costumi e tradizioni del Kenya vi far\u00e0 amare ancora di pi\u00f9 questo paese africano: leggi il nostro articolo, parti con Evolution Travel!","breadcrumb":{"@id":"https:\/\/kenya.evolutiontravel.it\/infovacanze\/informazioni\/usi-costumi\/#breadcrumb"},"inLanguage":"it-IT","potentialAction":[{"@type":"ReadAction","target":["https:\/\/kenya.evolutiontravel.it\/infovacanze\/informazioni\/usi-costumi\/"]}]},{"@type":"BreadcrumbList","@id":"https:\/\/kenya.evolutiontravel.it\/infovacanze\/informazioni\/usi-costumi\/#breadcrumb","itemListElement":[{"@type":"ListItem","position":1,"name":"Kenya, informazioni utili per le vacanze","item":"https:\/\/kenya.evolutiontravel.it\/infovacanze\/informazioni\/"},{"@type":"ListItem","position":2,"name":"Usi e costumi in Kenya"}]},{"@type":"WebSite","@id":"https:\/\/kenya.evolutiontravel.it\/infovacanze\/#website","url":"https:\/\/kenya.evolutiontravel.it\/infovacanze\/","name":"Kenya","description":"","potentialAction":[{"@type":"SearchAction","target":{"@type":"EntryPoint","urlTemplate":"https:\/\/kenya.evolutiontravel.it\/infovacanze\/?s={search_term_string}"},"query-input":"required name=search_term_string"}],"inLanguage":"it-IT"}]}},"_links":{"self":[{"href":"https:\/\/kenya.evolutiontravel.it\/infovacanze\/wp-json\/wp\/v2\/pages\/97"}],"collection":[{"href":"https:\/\/kenya.evolutiontravel.it\/infovacanze\/wp-json\/wp\/v2\/pages"}],"about":[{"href":"https:\/\/kenya.evolutiontravel.it\/infovacanze\/wp-json\/wp\/v2\/types\/page"}],"author":[{"embeddable":true,"href":"https:\/\/kenya.evolutiontravel.it\/infovacanze\/wp-json\/wp\/v2\/users\/6"}],"replies":[{"embeddable":true,"href":"https:\/\/kenya.evolutiontravel.it\/infovacanze\/wp-json\/wp\/v2\/comments?post=97"}],"version-history":[{"count":9,"href":"https:\/\/kenya.evolutiontravel.it\/infovacanze\/wp-json\/wp\/v2\/pages\/97\/revisions"}],"predecessor-version":[{"id":552,"href":"https:\/\/kenya.evolutiontravel.it\/infovacanze\/wp-json\/wp\/v2\/pages\/97\/revisions\/552"}],"up":[{"embeddable":true,"href":"https:\/\/kenya.evolutiontravel.it\/infovacanze\/wp-json\/wp\/v2\/pages\/6"}],"wp:attachment":[{"href":"https:\/\/kenya.evolutiontravel.it\/infovacanze\/wp-json\/wp\/v2\/media?parent=97"}],"curies":[{"name":"wp","href":"https:\/\/api.w.org\/{rel}","templated":true}]}}