{"id":27,"date":"2014-05-19T17:49:24","date_gmt":"2014-05-19T15:49:24","guid":{"rendered":"http:\/\/kenya.evolutiontravel.it\/infovacanze\/?page_id=27"},"modified":"2018-11-14T16:32:05","modified_gmt":"2018-11-14T15:32:05","slug":"flora-fauna","status":"publish","type":"page","link":"https:\/\/kenya.evolutiontravel.it\/infovacanze\/informazioni\/flora-fauna\/","title":{"rendered":"Gli animali in Kenya"},"content":{"rendered":"<p>Con un <strong>safari in Kenya<\/strong> puoi provare l&#8217;emozione di <strong>vedere animali<\/strong> come leoni, iene, scimmie, elefanti, zebre, antilopi, pesci tropicali e <a title=\"kenya con bambini\" href=\"https:\/\/kenya.evolutiontravel.it\/infovacanze\/kenya-safari\/safari-bambini\/\">anche i pi\u00f9 piccoli<\/a> resteranno a bocca aperta, perch\u00e8 scoprire gli animali nel loro habita naturale \u00e8 tutta un&#8217;altra cosa.<\/p>\n<p>E&#8217; pericoloso? No, a patto che si tenga un<strong> comportamento adatto<\/strong>. Per esempio tra <strong>gli animali pi\u00f9 pericolosi<\/strong> del Kenya troviamo l\u2019<strong>ippopotamo<\/strong> che per quanto sembri inoffensivo, in realt\u00e0 \u00e8 quello a cui \u00e8 bene prestare maggiore attenzione. Non avvicinarvi troppo e sappiate che quando apre la bocca non sta sbadigliando: \u00e8 un segno intimidatorio. In ultimo non frapponetevi mai tra un ippopotamo e l\u2019acqua, il rischio \u00e8 di essere immediatamente caricati.<\/p>\n<p>In poche ore visitando il Kenya passerete dalla<strong> savana, alla foresta tropicale<\/strong>, alla <strong>barriera corallina<\/strong>. Inoltre il governo ha investito molto nella <strong>tutela del territorio<\/strong>, stabilendo come <strong>riserva naturale ben il 10%<\/strong> del suo territorio nazionale e fondando <strong>24 riserve protette<\/strong>.<\/p>\n<div id=\"attachment_50\" style=\"width: 460px\" class=\"wp-caption alignright\"><img loading=\"lazy\" decoding=\"async\" aria-describedby=\"caption-attachment-50\" class=\"wp-image-50\" src=\"http:\/\/kenya.evolutiontravel.it\/infovacanze\/wp-content\/uploads\/sites\/27\/2014\/05\/Lago-Nakuru-300x225.jpg\" alt=\"Fenicotteri rosa\" width=\"450\" height=\"338\" srcset=\"https:\/\/kenya.evolutiontravel.it\/infovacanze\/wp-content\/uploads\/sites\/27\/2014\/05\/Lago-Nakuru-300x225.jpg 300w, https:\/\/kenya.evolutiontravel.it\/infovacanze\/wp-content\/uploads\/sites\/27\/2014\/05\/Lago-Nakuru-400x300.jpg 400w, https:\/\/kenya.evolutiontravel.it\/infovacanze\/wp-content\/uploads\/sites\/27\/2014\/05\/Lago-Nakuru.jpg 800w\" sizes=\"(max-width: 450px) 100vw, 450px\" \/><p id=\"caption-attachment-50\" class=\"wp-caption-text\">Fenicotteri rosa sul Lago Nakuru<\/p><\/div>\n<p>In termini di biodiversit\u00e0, <strong>il parco nazionale della Rift Valley<\/strong> \u00e8 l&#8217;ambiente che meglio rappresenta questo concetto. Qui anche la formazione di alcune delle <strong>vette pi\u00f9 alte e famose<\/strong> di questa nazione come il <strong>Kilimangiaro<\/strong> e il <strong>Monte Kenya<\/strong>.<\/p>\n<p>Tra le caratteristiche di questo luogo troviamo i\u00a0 <strong>laghi coperti di soda cristallizzata<\/strong>, <strong>laghi alcalini<\/strong> e <strong>addirittura acidi<\/strong>, che anno portato alla nascita di <strong>specie uniche<\/strong> che sopravvivono solo in questo ambiente.<\/p>\n<p>Basti pensare che il <strong>colore rosa dei fenicotteri<\/strong> viene dai laghi acidi di questa regione. Il suo corpo resiste alle acque acide e cambia colore passando il piumaggio da bianco a rosa.<\/p>\n<p>Per <strong>approfondire alcuni argomenti<\/strong> leggi anche:<\/p>\n<ul>\n<li><a href=\"https:\/\/kenya.evolutiontravel.it\/infovacanze\/parchi\/\">Parchi e riserve del Kenya<\/a><\/li>\n<li><u><u><a href=\"https:\/\/kenya.evolutiontravel.it\/infovacanze\/kenya-safari\/safari-bambini\/\">Safari in Kenya con i bambini per vedere gli animali<\/a><\/u><\/u><\/li>\n<li><u><u><a href=\"https:\/\/kenya.evolutiontravel.it\/infovacanze\/informazioni\/kenya-fiumi\/\">Fiumi e laghi del Kenya<\/a><\/u><\/u><\/li>\n<li><u><u><a href=\"https:\/\/kenya.evolutiontravel.it\/infovacanze\/informazioni\/barriera-corallina\/\">La barriera corallina del Kenya<\/a><\/u><\/u><\/li>\n<\/ul>\n<p>&nbsp;<\/p>\n<p style=\"text-align: center\"><strong>SPECIALE &#8220;<span style=\"color: #008000\">VILLAGGI IN KENYA<\/span>&#8220;<\/strong><\/p>\n<p style=\"text-align: center\"><span style=\"color: #008000\"><strong>SCOPRI TUTTO IN UN CLICK<\/strong><\/span>: programma, foto, commenti, itinerari e servizi inclusi!<\/p>\n<p style=\"text-align: center\">Non perdere questa occasione:<span style=\"color: #008000\"><strong> CLICCA ADESSO!<\/strong><\/span><\/p>\n<div class=\"feedzy-9975ca2d2499895b3671e157c73e61b6 feedzy-rss\"><ul>Feed has no items.<\/ul> <\/div>\n","protected":false},"excerpt":{"rendered":"<p>Con un safari in Kenya puoi provare l&#8217;emozione di vedere animali come leoni, iene, scimmie, elefanti, zebre, antilopi, pesci tropicali e anche i pi\u00f9 piccoli resteranno a bocca aperta, perch\u00e8 scoprire gli animali nel loro habita naturale \u00e8 tutta un&#8217;altra cosa. E&#8217; pericoloso? No, a patto che si tenga un comportamento adatto. Per esempio tra <a class=\"moretag\" href=\"https:\/\/kenya.evolutiontravel.it\/infovacanze\/informazioni\/flora-fauna\/\">[&#8230;]<\/a><\/p>\n","protected":false},"author":6,"featured_media":0,"parent":6,"menu_order":0,"comment_status":"closed","ping_status":"open","template":"templates\/template-with-right-sidebar.php","meta":{"footnotes":""},"yoast_head":"<!-- This site is optimized with the Yoast SEO plugin v21.9.1 - https:\/\/yoast.com\/wordpress\/plugins\/seo\/ -->\n<title>Animali del Kenya: okkio all&#039;ippopotamo! Safari ed escursioni<\/title>\n<meta name=\"description\" content=\"Scopri con Evolution Travel animali e vegetazione, flora e fauna del Kenya: una biodiversit\u00e0 unica al mondo. Parti per un safari!\" \/>\n<meta name=\"robots\" content=\"index, follow, max-snippet:-1, max-image-preview:large, max-video-preview:-1\" \/>\n<link rel=\"canonical\" href=\"https:\/\/kenya.evolutiontravel.it\/infovacanze\/informazioni\/flora-fauna\/\" \/>\n<meta property=\"og:locale\" content=\"it_IT\" \/>\n<meta property=\"og:type\" content=\"article\" \/>\n<meta property=\"og:title\" content=\"Animali del Kenya: okkio all&#039;ippopotamo! Safari ed escursioni\" \/>\n<meta property=\"og:description\" content=\"Scopri con Evolution Travel animali e vegetazione, flora e fauna del Kenya: una biodiversit\u00e0 unica al mondo. Parti per un safari!\" \/>\n<meta property=\"og:url\" content=\"https:\/\/kenya.evolutiontravel.it\/infovacanze\/informazioni\/flora-fauna\/\" \/>\n<meta property=\"og:site_name\" content=\"Kenya\" \/>\n<meta property=\"article:modified_time\" content=\"2018-11-14T15:32:05+00:00\" \/>\n<meta property=\"og:image\" content=\"http:\/\/kenya.evolutiontravel.it\/infovacanze\/wp-content\/uploads\/sites\/27\/2014\/05\/Lago-Nakuru-300x225.jpg\" \/>\n<meta name=\"twitter:label1\" content=\"Tempo di lettura stimato\" \/>\n\t<meta name=\"twitter:data1\" content=\"2 minuti\" \/>\n<script type=\"application\/ld+json\" class=\"yoast-schema-graph\">{\"@context\":\"https:\/\/schema.org\",\"@graph\":[{\"@type\":\"WebPage\",\"@id\":\"https:\/\/kenya.evolutiontravel.it\/infovacanze\/informazioni\/flora-fauna\/\",\"url\":\"https:\/\/kenya.evolutiontravel.it\/infovacanze\/informazioni\/flora-fauna\/\",\"name\":\"Animali del Kenya: okkio all'ippopotamo! Safari ed escursioni\",\"isPartOf\":{\"@id\":\"https:\/\/kenya.evolutiontravel.it\/infovacanze\/#website\"},\"datePublished\":\"2014-05-19T15:49:24+00:00\",\"dateModified\":\"2018-11-14T15:32:05+00:00\",\"description\":\"Scopri con Evolution Travel animali e vegetazione, flora e fauna del Kenya: una biodiversit\u00e0 unica al mondo. Parti per un safari!\",\"breadcrumb\":{\"@id\":\"https:\/\/kenya.evolutiontravel.it\/infovacanze\/informazioni\/flora-fauna\/#breadcrumb\"},\"inLanguage\":\"it-IT\",\"potentialAction\":[{\"@type\":\"ReadAction\",\"target\":[\"https:\/\/kenya.evolutiontravel.it\/infovacanze\/informazioni\/flora-fauna\/\"]}]},{\"@type\":\"BreadcrumbList\",\"@id\":\"https:\/\/kenya.evolutiontravel.it\/infovacanze\/informazioni\/flora-fauna\/#breadcrumb\",\"itemListElement\":[{\"@type\":\"ListItem\",\"position\":1,\"name\":\"Kenya, informazioni utili per le vacanze\",\"item\":\"https:\/\/kenya.evolutiontravel.it\/infovacanze\/informazioni\/\"},{\"@type\":\"ListItem\",\"position\":2,\"name\":\"Gli animali in Kenya\"}]},{\"@type\":\"WebSite\",\"@id\":\"https:\/\/kenya.evolutiontravel.it\/infovacanze\/#website\",\"url\":\"https:\/\/kenya.evolutiontravel.it\/infovacanze\/\",\"name\":\"Kenya\",\"description\":\"\",\"potentialAction\":[{\"@type\":\"SearchAction\",\"target\":{\"@type\":\"EntryPoint\",\"urlTemplate\":\"https:\/\/kenya.evolutiontravel.it\/infovacanze\/?s={search_term_string}\"},\"query-input\":\"required name=search_term_string\"}],\"inLanguage\":\"it-IT\"}]}<\/script>\n<!-- \/ Yoast SEO plugin. -->","yoast_head_json":{"title":"Animali del Kenya: okkio all'ippopotamo! Safari ed escursioni","description":"Scopri con Evolution Travel animali e vegetazione, flora e fauna del Kenya: una biodiversit\u00e0 unica al mondo. Parti per un safari!","robots":{"index":"index","follow":"follow","max-snippet":"max-snippet:-1","max-image-preview":"max-image-preview:large","max-video-preview":"max-video-preview:-1"},"canonical":"https:\/\/kenya.evolutiontravel.it\/infovacanze\/informazioni\/flora-fauna\/","og_locale":"it_IT","og_type":"article","og_title":"Animali del Kenya: okkio all'ippopotamo! Safari ed escursioni","og_description":"Scopri con Evolution Travel animali e vegetazione, flora e fauna del Kenya: una biodiversit\u00e0 unica al mondo. Parti per un safari!","og_url":"https:\/\/kenya.evolutiontravel.it\/infovacanze\/informazioni\/flora-fauna\/","og_site_name":"Kenya","article_modified_time":"2018-11-14T15:32:05+00:00","og_image":[{"url":"http:\/\/kenya.evolutiontravel.it\/infovacanze\/wp-content\/uploads\/sites\/27\/2014\/05\/Lago-Nakuru-300x225.jpg"}],"twitter_misc":{"Tempo di lettura stimato":"2 minuti"},"schema":{"@context":"https:\/\/schema.org","@graph":[{"@type":"WebPage","@id":"https:\/\/kenya.evolutiontravel.it\/infovacanze\/informazioni\/flora-fauna\/","url":"https:\/\/kenya.evolutiontravel.it\/infovacanze\/informazioni\/flora-fauna\/","name":"Animali del Kenya: okkio all'ippopotamo! Safari ed escursioni","isPartOf":{"@id":"https:\/\/kenya.evolutiontravel.it\/infovacanze\/#website"},"datePublished":"2014-05-19T15:49:24+00:00","dateModified":"2018-11-14T15:32:05+00:00","description":"Scopri con Evolution Travel animali e vegetazione, flora e fauna del Kenya: una biodiversit\u00e0 unica al mondo. Parti per un safari!","breadcrumb":{"@id":"https:\/\/kenya.evolutiontravel.it\/infovacanze\/informazioni\/flora-fauna\/#breadcrumb"},"inLanguage":"it-IT","potentialAction":[{"@type":"ReadAction","target":["https:\/\/kenya.evolutiontravel.it\/infovacanze\/informazioni\/flora-fauna\/"]}]},{"@type":"BreadcrumbList","@id":"https:\/\/kenya.evolutiontravel.it\/infovacanze\/informazioni\/flora-fauna\/#breadcrumb","itemListElement":[{"@type":"ListItem","position":1,"name":"Kenya, informazioni utili per le vacanze","item":"https:\/\/kenya.evolutiontravel.it\/infovacanze\/informazioni\/"},{"@type":"ListItem","position":2,"name":"Gli animali in Kenya"}]},{"@type":"WebSite","@id":"https:\/\/kenya.evolutiontravel.it\/infovacanze\/#website","url":"https:\/\/kenya.evolutiontravel.it\/infovacanze\/","name":"Kenya","description":"","potentialAction":[{"@type":"SearchAction","target":{"@type":"EntryPoint","urlTemplate":"https:\/\/kenya.evolutiontravel.it\/infovacanze\/?s={search_term_string}"},"query-input":"required name=search_term_string"}],"inLanguage":"it-IT"}]}},"_links":{"self":[{"href":"https:\/\/kenya.evolutiontravel.it\/infovacanze\/wp-json\/wp\/v2\/pages\/27"}],"collection":[{"href":"https:\/\/kenya.evolutiontravel.it\/infovacanze\/wp-json\/wp\/v2\/pages"}],"about":[{"href":"https:\/\/kenya.evolutiontravel.it\/infovacanze\/wp-json\/wp\/v2\/types\/page"}],"author":[{"embeddable":true,"href":"https:\/\/kenya.evolutiontravel.it\/infovacanze\/wp-json\/wp\/v2\/users\/6"}],"replies":[{"embeddable":true,"href":"https:\/\/kenya.evolutiontravel.it\/infovacanze\/wp-json\/wp\/v2\/comments?post=27"}],"version-history":[{"count":19,"href":"https:\/\/kenya.evolutiontravel.it\/infovacanze\/wp-json\/wp\/v2\/pages\/27\/revisions"}],"predecessor-version":[{"id":549,"href":"https:\/\/kenya.evolutiontravel.it\/infovacanze\/wp-json\/wp\/v2\/pages\/27\/revisions\/549"}],"up":[{"embeddable":true,"href":"https:\/\/kenya.evolutiontravel.it\/infovacanze\/wp-json\/wp\/v2\/pages\/6"}],"wp:attachment":[{"href":"https:\/\/kenya.evolutiontravel.it\/infovacanze\/wp-json\/wp\/v2\/media?parent=27"}],"curies":[{"name":"wp","href":"https:\/\/api.w.org\/{rel}","templated":true}]}}