{"id":25,"date":"2014-05-19T17:46:05","date_gmt":"2014-05-19T15:46:05","guid":{"rendered":"http:\/\/kenya.evolutiontravel.it\/infovacanze\/?page_id=25"},"modified":"2018-11-14T15:28:53","modified_gmt":"2018-11-14T14:28:53","slug":"kenya-malaria","status":"publish","type":"page","link":"https:\/\/kenya.evolutiontravel.it\/infovacanze\/informazioni\/kenya-malaria\/","title":{"rendered":"Malaria in Kenya"},"content":{"rendered":"<p><strong>In Kenya la malaria<\/strong> colpisce un alto numero di viaggiatori, causando <strong>sintomi sgradevoli<\/strong> e costringendoli a cure che durano molto tempo, tuttavia grazie alla <strong>profilassi <\/strong>\u00e8 possibile <strong>prevenire il rischio<\/strong> di contrarre questa malattia che di fatto \u00e8 sparita dal nostro paese sin dagli anni &#8217;50.<\/p>\n<p><strong>Il vostro medico<\/strong> vi somministrer\u00e0 una <a title=\"kenya vaccinazioni\" href=\"https:\/\/kenya.evolutiontravel.it\/infovacanze\/informazioni\/kenya-vaccinazioni\/\"><strong>terapia antimalarica <\/strong><\/a>da iniziare diversi giorni prima della partenza e da continuare per tutto il resto del viaggio. Nella maggior parte dei casi si tratta di assumere <strong>una pillola al giorno<\/strong>.<\/p>\n<p>La malaria non \u00e8 una malattia da sottovalutare, i sintomi sono potenzialmente mortali ed \u00e8 quindi necessario essere preparati in modo adeguato, sia con una profilassi farmacologica sia con <strong>insetticidi e zanzariere<\/strong>.<\/p>\n<p>Sul sito del <a href=\"http:\/\/www.salute.gov.it\/portale\/salute\/p1_5.jsp?lingua=italiano&amp;id=212&amp;area=Malattie_infettive\" target=\"_blank\" rel=\"noopener\"><strong>Ministero della Salute, sulla pagina web dedicata alla Malaria<\/strong><\/a>, (Descrizione, Come si tratta, Sintomi, Complicanze, Diagnosi, Terapia, Prevenzione) si legge testualmente &#8220;<em>il rischio di contrarre la malaria per chi si rechi all&#8217;estero pu\u00f2 essere minimizzato ricorrendo ad una attenta combinazione di misure di prevenzione comportamentale e di misure di prevenzione basate sull&#8217;assunzione di farmaci adatti<\/em>.&#8221;<\/p>\n<p>Pertanto la prevenzione \u00e8 sicuramente l&#8217;arma pi\u00f9 importante anche in questo caso anche se non \u00e8 obbligatorio vaccinarsi per andare in Kenya.<\/p>\n<h3 style=\"text-align: center\">Offerte viaggi e vacanze in Kenya<\/h3>\n<p style=\"text-align: center\"><strong><span style=\"color: #008000\">SCOPRI TUTTI I DETTAGLI DEI VIAGGI!<\/span><\/strong><\/p>\n<p style=\"text-align: center\"><strong>Programma<\/strong>, <strong>foto<\/strong>, <strong>commenti<\/strong> di altri viaggiatori, <strong>servizi inlcusi<\/strong>, <strong>itinerari<\/strong> e molto altro!<\/p>\n<p style=\"text-align: center\"><span style=\"color: #008000\"><strong>CLICCA ADESSO E NON PERDERE L&#8217;OCCASIONE!<\/strong><\/span><\/p>\n<div class=\"feedzy-ad472f1ddbe5c632f21461cda075dc3e feedzy-rss\">\n\t\t<ul class=\"feedzy-style2\">\n\t\t\t\t\t<li  style=\"padding: 23px 0 38px\" class=\"rss_item feedzy-rss-col-3\" >\n\t\t\t\t\t\t\t\t\t<div class=\"rss_image\" style=\"width:225px; height:225px;\">\n\t\t\t\t\t\t<a href=\"https:\/\/kenya.evolutiontravel.it\/it_IT\/905\/tab\/40056_kobe-suite-resort-5-stelle.html\" target=\"_blank\" \n\t\t\t\t\t\t\trel=\"noopener \"\n\t\t\t\t\t\t\ttitle=\"Kobe Suite Resort 5 stelle\"\n\t\t\t\t\t\t\tstyle=\"width:225px; height:225px;\">\n\t\t\t\t\t\t\t<span class=\"fetched\" style=\"background-image:  url('http:\/\/etcdn.net\/thumbnails\/40056\/it-watamu-kobe-suite-resort-5-stelle-7edcf.jpg');\" title=\"Kobe Suite Resort 5 stelle\"><\/span><amp-img width=\"225\" height=\"225\" src=\"http:\/\/etcdn.net\/thumbnails\/40056\/it-watamu-kobe-suite-resort-5-stelle-7edcf.jpg\">\t\t\t\t\t\t<\/a>\n\t\t\t\t\t<\/div>\n\t\t\t\t\t\t\t\t<div class=\"rss_content_wrap\">\n\t\t\t\t\t<span class=\"title\">\n\t\t\t\t\t\t<a href=\"https:\/\/kenya.evolutiontravel.it\/it_IT\/905\/tab\/40056_kobe-suite-resort-5-stelle.html\" target=\"_blank\"  rel=\"noopener \">\n\t\t\t\t\t\t\tKobe Suite Resort 5 stelle\t\t\t\t\t\t<\/a>\n\t\t\t\t\t<\/span>\n\t\t\t\t\t<div class=\"rss_content\"\n\t\t\t\t\t\t\tstyle=\"\">\n\t\t\t\t\t\t\n\t\t\t\t\t\t\t\t\t\t\t\t<p class=\"description\">Una\u00a0\"bomboniera\"\u00a0sulla meravigliosa spiaggia Garoda Beach. Dedicato agli amanti del buon gusto alla ricerca del vero relax in [&hellip;]<\/p>\n\t\t\t\t\t\t\n\t\t\t\t\t\t\t\t\t\t\t\t\t\t\t\t\t\t\t<div class=\"price-wrap\">\n\t\t\t\t\t\t\t\t<a href=\"https:\/\/kenya.evolutiontravel.it\/it_IT\/905\/tab\/40056_kobe-suite-resort-5-stelle.html\" target=\"_blank\" rel=\"noopener\"><button class=\"price\"> 975<\/button><\/a>\n\t\t\t\t\t\t\t<\/div>\n\t\t\t\t\t\t\t\t\t\t\t<\/div>\n\t\t\t\t<\/div>\n\t\t\t<\/li>\n\t\t\t\t\t\t<li  style=\"padding: 23px 0 38px\" class=\"rss_item feedzy-rss-col-3\" >\n\t\t\t\t\t\t\t\t\t<div class=\"rss_image\" style=\"width:225px; height:225px;\">\n\t\t\t\t\t\t<a href=\"https:\/\/kenya.evolutiontravel.it\/it_IT\/905\/tab\/41242_tawi-elegant-rooms.html\" target=\"_blank\" \n\t\t\t\t\t\t\trel=\"noopener \"\n\t\t\t\t\t\t\ttitle=\"Tawi elegant rooms\"\n\t\t\t\t\t\t\tstyle=\"width:225px; height:225px;\">\n\t\t\t\t\t\t\t<span class=\"fetched\" style=\"background-image:  url('http:\/\/etcdn.net\/thumbnails\/41242\/it-watamu-tiwi-elegant-rooms-85b14.jpg');\" title=\"Tawi elegant rooms\"><\/span><amp-img width=\"225\" height=\"225\" src=\"http:\/\/etcdn.net\/thumbnails\/41242\/it-watamu-tiwi-elegant-rooms-85b14.jpg\">\t\t\t\t\t\t<\/a>\n\t\t\t\t\t<\/div>\n\t\t\t\t\t\t\t\t<div class=\"rss_content_wrap\">\n\t\t\t\t\t<span class=\"title\">\n\t\t\t\t\t\t<a href=\"https:\/\/kenya.evolutiontravel.it\/it_IT\/905\/tab\/41242_tawi-elegant-rooms.html\" target=\"_blank\"  rel=\"noopener \">\n\t\t\t\t\t\t\tTawi elegant rooms\t\t\t\t\t\t<\/a>\n\t\t\t\t\t<\/span>\n\t\t\t\t\t<div class=\"rss_content\"\n\t\t\t\t\t\t\tstyle=\"\">\n\t\t\t\t\t\t\n\t\t\t\t\t\t\t\t\t\t\t\t<p class=\"description\">Eleganti stanze private a Watamu A soli 300 metri dalla spiaggia di Fortamu, il Tawi offre eleganti camere private ed esperienze [&hellip;]<\/p>\n\t\t\t\t\t\t\n\t\t\t\t\t\t\t\t\t\t\t\t\t\t\t\t\t\t\t<div class=\"price-wrap\">\n\t\t\t\t\t\t\t\t<a href=\"https:\/\/kenya.evolutiontravel.it\/it_IT\/905\/tab\/41242_tawi-elegant-rooms.html\" target=\"_blank\" rel=\"noopener\"><button class=\"price\"> 545<\/button><\/a>\n\t\t\t\t\t\t\t<\/div>\n\t\t\t\t\t\t\t\t\t\t\t<\/div>\n\t\t\t\t<\/div>\n\t\t\t<\/li>\n\t\t\t\t\t\t<li  style=\"padding: 23px 0 38px\" class=\"rss_item feedzy-rss-col-3\" >\n\t\t\t\t\t\t\t\t\t<div class=\"rss_image\" style=\"width:225px; height:225px;\">\n\t\t\t\t\t\t<a href=\"https:\/\/kenya.evolutiontravel.it\/it_IT\/905\/tab\/5520_jacaranda-beach-resort-4-stelle.html\" target=\"_blank\" \n\t\t\t\t\t\t\trel=\"noopener \"\n\t\t\t\t\t\t\ttitle=\"Jacaranda Beach Resort 4 stelle\"\n\t\t\t\t\t\t\tstyle=\"width:225px; height:225px;\">\n\t\t\t\t\t\t\t<span class=\"fetched\" style=\"background-image:  url('http:\/\/etcdn.net\/thumbnails\/5520\/it-watamu-jacaranda-beach-resort-4-stelle-7ee85.jpg');\" title=\"Jacaranda Beach Resort 4 stelle\"><\/span><amp-img width=\"225\" height=\"225\" src=\"http:\/\/etcdn.net\/thumbnails\/5520\/it-watamu-jacaranda-beach-resort-4-stelle-7ee85.jpg\">\t\t\t\t\t\t<\/a>\n\t\t\t\t\t<\/div>\n\t\t\t\t\t\t\t\t<div class=\"rss_content_wrap\">\n\t\t\t\t\t<span class=\"title\">\n\t\t\t\t\t\t<a href=\"https:\/\/kenya.evolutiontravel.it\/it_IT\/905\/tab\/5520_jacaranda-beach-resort-4-stelle.html\" target=\"_blank\"  rel=\"noopener \">\n\t\t\t\t\t\t\tJacaranda Beach Resort 4 stelle\t\t\t\t\t\t<\/a>\n\t\t\t\t\t<\/span>\n\t\t\t\t\t<div class=\"rss_content\"\n\t\t\t\t\t\t\tstyle=\"\">\n\t\t\t\t\t\t\n\t\t\t\t\t\t\t\t\t\t\t\t<p class=\"description\">Conosciutissima\u00a0struttura, situata direttamente sulla spiaggia di Sardegna 2\u00a0, vanta un\u2019atmosfera informale che la rende il [&hellip;]<\/p>\n\t\t\t\t\t\t\n\t\t\t\t\t\t\t\t\t\t\t\t\t\t\t\t\t\t\t<div class=\"price-wrap\">\n\t\t\t\t\t\t\t\t<a href=\"https:\/\/kenya.evolutiontravel.it\/it_IT\/905\/tab\/5520_jacaranda-beach-resort-4-stelle.html\" target=\"_blank\" rel=\"noopener\"><button class=\"price\"> 660<\/button><\/a>\n\t\t\t\t\t\t\t<\/div>\n\t\t\t\t\t\t\t\t\t\t\t<\/div>\n\t\t\t\t<\/div>\n\t\t\t<\/li>\n\t\t\t\t\t\t<li  style=\"padding: 23px 0 38px\" class=\"rss_item feedzy-rss-col-3\" >\n\t\t\t\t\t\t\t\t\t<div class=\"rss_image\" style=\"width:225px; height:225px;\">\n\t\t\t\t\t\t<a href=\"https:\/\/kenya.evolutiontravel.it\/it_IT\/905\/tab\/40054_lily-palm-beach-resort.html\" target=\"_blank\" \n\t\t\t\t\t\t\trel=\"noopener \"\n\t\t\t\t\t\t\ttitle=\"Lily Palm Beach Resort\"\n\t\t\t\t\t\t\tstyle=\"width:225px; height:225px;\">\n\t\t\t\t\t\t\t<span class=\"fetched\" style=\"background-image:  url('http:\/\/etcdn.net\/thumbnails\/40054\/it-watamu-lily-palm-beach-resort-7ed8d.jpg');\" title=\"Lily Palm Beach Resort\"><\/span><amp-img width=\"225\" height=\"225\" src=\"http:\/\/etcdn.net\/thumbnails\/40054\/it-watamu-lily-palm-beach-resort-7ed8d.jpg\">\t\t\t\t\t\t<\/a>\n\t\t\t\t\t<\/div>\n\t\t\t\t\t\t\t\t<div class=\"rss_content_wrap\">\n\t\t\t\t\t<span class=\"title\">\n\t\t\t\t\t\t<a href=\"https:\/\/kenya.evolutiontravel.it\/it_IT\/905\/tab\/40054_lily-palm-beach-resort.html\" target=\"_blank\"  rel=\"noopener \">\n\t\t\t\t\t\t\tLily Palm Beach Resort\t\t\t\t\t\t<\/a>\n\t\t\t\t\t<\/span>\n\t\t\t\t\t<div class=\"rss_content\"\n\t\t\t\t\t\t\tstyle=\"\">\n\t\t\t\t\t\t\n\t\t\t\t\t\t\t\t\t\t\t\t<p class=\"description\">La stupenda Blu Lagoon a Watamu \u00e8 un vero paradiso di spiagge bianche, protetta dalla barriera corallina che la separa dal Parco [&hellip;]<\/p>\n\t\t\t\t\t\t\n\t\t\t\t\t\t\t\t\t\t\t\t\t\t\t\t\t\t\t<div class=\"price-wrap\">\n\t\t\t\t\t\t\t\t<a href=\"https:\/\/kenya.evolutiontravel.it\/it_IT\/905\/tab\/40054_lily-palm-beach-resort.html\" target=\"_blank\" rel=\"noopener\"><button class=\"price\"> 650<\/button><\/a>\n\t\t\t\t\t\t\t<\/div>\n\t\t\t\t\t\t\t\t\t\t\t<\/div>\n\t\t\t\t<\/div>\n\t\t\t<\/li>\n\t\t\t\t\t\t<li  style=\"padding: 23px 0 38px\" class=\"rss_item feedzy-rss-col-3\" >\n\t\t\t\t\t\t\t\t\t<div class=\"rss_image\" style=\"width:225px; height:225px;\">\n\t\t\t\t\t\t<a href=\"https:\/\/kenya.evolutiontravel.it\/it_IT\/905\/tab\/40057_visiwa-beach-il-resort-con-vista.html\" target=\"_blank\" \n\t\t\t\t\t\t\trel=\"noopener \"\n\t\t\t\t\t\t\ttitle=\"Visiwa Beach, il Resort con vista\"\n\t\t\t\t\t\t\tstyle=\"width:225px; height:225px;\">\n\t\t\t\t\t\t\t<span class=\"fetched\" style=\"background-image:  url('http:\/\/etcdn.net\/thumbnails\/40057\/it-watamu-visiwa-beach-il-resort-con-vista-7ee00.jpg');\" title=\"Visiwa Beach, il Resort con vista\"><\/span><amp-img width=\"225\" height=\"225\" src=\"http:\/\/etcdn.net\/thumbnails\/40057\/it-watamu-visiwa-beach-il-resort-con-vista-7ee00.jpg\">\t\t\t\t\t\t<\/a>\n\t\t\t\t\t<\/div>\n\t\t\t\t\t\t\t\t<div class=\"rss_content_wrap\">\n\t\t\t\t\t<span class=\"title\">\n\t\t\t\t\t\t<a href=\"https:\/\/kenya.evolutiontravel.it\/it_IT\/905\/tab\/40057_visiwa-beach-il-resort-con-vista.html\" target=\"_blank\"  rel=\"noopener \">\n\t\t\t\t\t\t\tVisiwa Beach, il Resort con vista\t\t\t\t\t\t<\/a>\n\t\t\t\t\t<\/span>\n\t\t\t\t\t<div class=\"rss_content\"\n\t\t\t\t\t\t\tstyle=\"\">\n\t\t\t\t\t\t\n\t\t\t\t\t\t\t\t\t\t\t\t<p class=\"description\">Un piccolo, esclusivo ed elegante Boutique Hotel davanti alle 7 isole dell'arcipelago di Watamu<\/p>\n\t\t\t\t\t\t\n\t\t\t\t\t\t\t\t\t\t\t\t\t\t\t\t\t\t\t<div class=\"price-wrap\">\n\t\t\t\t\t\t\t\t<a href=\"https:\/\/kenya.evolutiontravel.it\/it_IT\/905\/tab\/40057_visiwa-beach-il-resort-con-vista.html\" target=\"_blank\" rel=\"noopener\"><button class=\"price\"> 690<\/button><\/a>\n\t\t\t\t\t\t\t<\/div>\n\t\t\t\t\t\t\t\t\t\t\t<\/div>\n\t\t\t\t<\/div>\n\t\t\t<\/li>\n\t\t\t\t<\/ul>\n<\/div>\n<style type=\"text\/css\" media=\"all\">.feedzy-rss .rss_item .rss_image{float:left;position:relative;border:none;text-decoration:none;max-width:100%}.feedzy-rss .rss_item .rss_image span{display:inline-block;position:absolute;width:100%;height:100%;background-position:50%;background-size:cover}.feedzy-rss .rss_item .rss_image{margin:.3em 1em 0 0;content-visibility:auto}.feedzy-rss ul{list-style:none}.feedzy-rss ul li{display:inline-block}<\/style>\n","protected":false},"excerpt":{"rendered":"<p>In Kenya la malaria colpisce un alto numero di viaggiatori, causando sintomi sgradevoli e costringendoli a cure che durano molto tempo, tuttavia grazie alla profilassi \u00e8 possibile prevenire il rischio di contrarre questa malattia che di fatto \u00e8 sparita dal nostro paese sin dagli anni &#8217;50. Il vostro medico vi somministrer\u00e0 una terapia antimalarica da <a class=\"moretag\" href=\"https:\/\/kenya.evolutiontravel.it\/infovacanze\/informazioni\/kenya-malaria\/\">[&#8230;]<\/a><\/p>\n","protected":false},"author":1,"featured_media":0,"parent":6,"menu_order":0,"comment_status":"closed","ping_status":"open","template":"templates\/template-with-right-sidebar.php","meta":{"footnotes":""},"yoast_head":"<!-- This site is optimized with the Yoast SEO plugin v21.9.1 - https:\/\/yoast.com\/wordpress\/plugins\/seo\/ -->\n<title>Malaria in Kenya, profilassi e consigli per vacanze in salute<\/title>\n<meta name=\"description\" content=\"Leggi il nostro articolo per saperne di pi\u00f9 sulla malaria in Kenya: la profilassi e qualche utile accorgimento renderanno le vostre vacanze pi\u00f9 sicure!\" \/>\n<meta name=\"robots\" content=\"index, follow, max-snippet:-1, max-image-preview:large, max-video-preview:-1\" \/>\n<link rel=\"canonical\" href=\"https:\/\/kenya.evolutiontravel.it\/infovacanze\/informazioni\/kenya-malaria\/\" \/>\n<meta property=\"og:locale\" content=\"it_IT\" \/>\n<meta property=\"og:type\" content=\"article\" \/>\n<meta property=\"og:title\" content=\"Malaria in Kenya, profilassi e consigli per vacanze in salute\" \/>\n<meta property=\"og:description\" content=\"Leggi il nostro articolo per saperne di pi\u00f9 sulla malaria in Kenya: la profilassi e qualche utile accorgimento renderanno le vostre vacanze pi\u00f9 sicure!\" \/>\n<meta property=\"og:url\" content=\"https:\/\/kenya.evolutiontravel.it\/infovacanze\/informazioni\/kenya-malaria\/\" \/>\n<meta property=\"og:site_name\" content=\"Kenya\" \/>\n<meta property=\"article:modified_time\" content=\"2018-11-14T14:28:53+00:00\" \/>\n<meta name=\"twitter:label1\" content=\"Tempo di lettura stimato\" \/>\n\t<meta name=\"twitter:data1\" content=\"1 minuto\" \/>\n<script type=\"application\/ld+json\" class=\"yoast-schema-graph\">{\"@context\":\"https:\/\/schema.org\",\"@graph\":[{\"@type\":\"WebPage\",\"@id\":\"https:\/\/kenya.evolutiontravel.it\/infovacanze\/informazioni\/kenya-malaria\/\",\"url\":\"https:\/\/kenya.evolutiontravel.it\/infovacanze\/informazioni\/kenya-malaria\/\",\"name\":\"Malaria in Kenya, profilassi e consigli per vacanze in salute\",\"isPartOf\":{\"@id\":\"https:\/\/kenya.evolutiontravel.it\/infovacanze\/#website\"},\"datePublished\":\"2014-05-19T15:46:05+00:00\",\"dateModified\":\"2018-11-14T14:28:53+00:00\",\"description\":\"Leggi il nostro articolo per saperne di pi\u00f9 sulla malaria in Kenya: la profilassi e qualche utile accorgimento renderanno le vostre vacanze pi\u00f9 sicure!\",\"breadcrumb\":{\"@id\":\"https:\/\/kenya.evolutiontravel.it\/infovacanze\/informazioni\/kenya-malaria\/#breadcrumb\"},\"inLanguage\":\"it-IT\",\"potentialAction\":[{\"@type\":\"ReadAction\",\"target\":[\"https:\/\/kenya.evolutiontravel.it\/infovacanze\/informazioni\/kenya-malaria\/\"]}]},{\"@type\":\"BreadcrumbList\",\"@id\":\"https:\/\/kenya.evolutiontravel.it\/infovacanze\/informazioni\/kenya-malaria\/#breadcrumb\",\"itemListElement\":[{\"@type\":\"ListItem\",\"position\":1,\"name\":\"Kenya, informazioni utili per le vacanze\",\"item\":\"https:\/\/kenya.evolutiontravel.it\/infovacanze\/informazioni\/\"},{\"@type\":\"ListItem\",\"position\":2,\"name\":\"Malaria in Kenya\"}]},{\"@type\":\"WebSite\",\"@id\":\"https:\/\/kenya.evolutiontravel.it\/infovacanze\/#website\",\"url\":\"https:\/\/kenya.evolutiontravel.it\/infovacanze\/\",\"name\":\"Kenya\",\"description\":\"\",\"potentialAction\":[{\"@type\":\"SearchAction\",\"target\":{\"@type\":\"EntryPoint\",\"urlTemplate\":\"https:\/\/kenya.evolutiontravel.it\/infovacanze\/?s={search_term_string}\"},\"query-input\":\"required name=search_term_string\"}],\"inLanguage\":\"it-IT\"}]}<\/script>\n<!-- \/ Yoast SEO plugin. -->","yoast_head_json":{"title":"Malaria in Kenya, profilassi e consigli per vacanze in salute","description":"Leggi il nostro articolo per saperne di pi\u00f9 sulla malaria in Kenya: la profilassi e qualche utile accorgimento renderanno le vostre vacanze pi\u00f9 sicure!","robots":{"index":"index","follow":"follow","max-snippet":"max-snippet:-1","max-image-preview":"max-image-preview:large","max-video-preview":"max-video-preview:-1"},"canonical":"https:\/\/kenya.evolutiontravel.it\/infovacanze\/informazioni\/kenya-malaria\/","og_locale":"it_IT","og_type":"article","og_title":"Malaria in Kenya, profilassi e consigli per vacanze in salute","og_description":"Leggi il nostro articolo per saperne di pi\u00f9 sulla malaria in Kenya: la profilassi e qualche utile accorgimento renderanno le vostre vacanze pi\u00f9 sicure!","og_url":"https:\/\/kenya.evolutiontravel.it\/infovacanze\/informazioni\/kenya-malaria\/","og_site_name":"Kenya","article_modified_time":"2018-11-14T14:28:53+00:00","twitter_misc":{"Tempo di lettura stimato":"1 minuto"},"schema":{"@context":"https:\/\/schema.org","@graph":[{"@type":"WebPage","@id":"https:\/\/kenya.evolutiontravel.it\/infovacanze\/informazioni\/kenya-malaria\/","url":"https:\/\/kenya.evolutiontravel.it\/infovacanze\/informazioni\/kenya-malaria\/","name":"Malaria in Kenya, profilassi e consigli per vacanze in salute","isPartOf":{"@id":"https:\/\/kenya.evolutiontravel.it\/infovacanze\/#website"},"datePublished":"2014-05-19T15:46:05+00:00","dateModified":"2018-11-14T14:28:53+00:00","description":"Leggi il nostro articolo per saperne di pi\u00f9 sulla malaria in Kenya: la profilassi e qualche utile accorgimento renderanno le vostre vacanze pi\u00f9 sicure!","breadcrumb":{"@id":"https:\/\/kenya.evolutiontravel.it\/infovacanze\/informazioni\/kenya-malaria\/#breadcrumb"},"inLanguage":"it-IT","potentialAction":[{"@type":"ReadAction","target":["https:\/\/kenya.evolutiontravel.it\/infovacanze\/informazioni\/kenya-malaria\/"]}]},{"@type":"BreadcrumbList","@id":"https:\/\/kenya.evolutiontravel.it\/infovacanze\/informazioni\/kenya-malaria\/#breadcrumb","itemListElement":[{"@type":"ListItem","position":1,"name":"Kenya, informazioni utili per le vacanze","item":"https:\/\/kenya.evolutiontravel.it\/infovacanze\/informazioni\/"},{"@type":"ListItem","position":2,"name":"Malaria in Kenya"}]},{"@type":"WebSite","@id":"https:\/\/kenya.evolutiontravel.it\/infovacanze\/#website","url":"https:\/\/kenya.evolutiontravel.it\/infovacanze\/","name":"Kenya","description":"","potentialAction":[{"@type":"SearchAction","target":{"@type":"EntryPoint","urlTemplate":"https:\/\/kenya.evolutiontravel.it\/infovacanze\/?s={search_term_string}"},"query-input":"required name=search_term_string"}],"inLanguage":"it-IT"}]}},"_links":{"self":[{"href":"https:\/\/kenya.evolutiontravel.it\/infovacanze\/wp-json\/wp\/v2\/pages\/25"}],"collection":[{"href":"https:\/\/kenya.evolutiontravel.it\/infovacanze\/wp-json\/wp\/v2\/pages"}],"about":[{"href":"https:\/\/kenya.evolutiontravel.it\/infovacanze\/wp-json\/wp\/v2\/types\/page"}],"author":[{"embeddable":true,"href":"https:\/\/kenya.evolutiontravel.it\/infovacanze\/wp-json\/wp\/v2\/users\/1"}],"replies":[{"embeddable":true,"href":"https:\/\/kenya.evolutiontravel.it\/infovacanze\/wp-json\/wp\/v2\/comments?post=25"}],"version-history":[{"count":9,"href":"https:\/\/kenya.evolutiontravel.it\/infovacanze\/wp-json\/wp\/v2\/pages\/25\/revisions"}],"predecessor-version":[{"id":543,"href":"https:\/\/kenya.evolutiontravel.it\/infovacanze\/wp-json\/wp\/v2\/pages\/25\/revisions\/543"}],"up":[{"embeddable":true,"href":"https:\/\/kenya.evolutiontravel.it\/infovacanze\/wp-json\/wp\/v2\/pages\/6"}],"wp:attachment":[{"href":"https:\/\/kenya.evolutiontravel.it\/infovacanze\/wp-json\/wp\/v2\/media?parent=25"}],"curies":[{"name":"wp","href":"https:\/\/api.w.org\/{rel}","templated":true}]}}