{"id":19,"date":"2014-05-19T17:30:55","date_gmt":"2014-05-19T15:30:55","guid":{"rendered":"http:\/\/kenya.evolutiontravel.it\/infovacanze\/?page_id=19"},"modified":"2018-03-06T12:58:02","modified_gmt":"2018-03-06T11:58:02","slug":"barriera-corallina","status":"publish","type":"page","link":"https:\/\/kenya.evolutiontravel.it\/infovacanze\/informazioni\/barriera-corallina\/","title":{"rendered":"Barriera corallina e mare del Kenya"},"content":{"rendered":"<p>Spiagge mozzafiato, mare bellissimo, barriera corallina, savana, animali selvaggi e pesci tropicali rappresentano un mix unico che \u00e8 in grado di soddisfare qualsiasi desiderio: questo \u00e8 <strong>il continente africano<\/strong>.<\/p>\n<p><strong>La barriera corallina in Kenya<\/strong> rappresenta un luogo unico per gli appassionati <strong>subacquei<\/strong> e amanti del mare.<\/p>\n<p>A seconda di dove decidere ti immergervi potrete ammirare alcune delle <strong>specie marine pi\u00f9 belle e colorate del mondo<\/strong> che qui trovano il loro spazio ideale, al riparo dalle forze violente dell&#8217;<strong>oceano Indiano<\/strong>.<\/p>\n<p>Essendo la barriera corallina uno degli spettacoli naturali pi\u00f9 affascinanti in assoluti, qui sono sorti <strong>diversi complessi turistici<\/strong> dedicati proprio ai turisti che raggiungono il Kenya per fare\u00a0<strong>snorkeling o immersioni<\/strong>.<\/p>\n<p>Tra tutti quelli a disposizione ce ne sono due di particolare importanza, ideali per una vacanza al mare in questo pases: <strong>Malindi e Watum<\/strong>.<\/p>\n<p>Queste localit\u00e0 balneari sono diventate famose a livello internazionale per l&#8217;altissimo livello qualitativo delle<strong> strutture ricettive e per i centri diving<\/strong>.<\/p>\n<div id=\"attachment_281\" style=\"width: 310px\" class=\"wp-caption alignright\"><img loading=\"lazy\" decoding=\"async\" aria-describedby=\"caption-attachment-281\" class=\"wp-image-281 size-medium\" src=\"http:\/\/kenya.evolutiontravel.it\/infovacanze\/wp-content\/uploads\/sites\/27\/2014\/05\/barriera-corallina-kenya-300x200.jpg\" alt=\"barriera corallina\" width=\"300\" height=\"200\" srcset=\"https:\/\/kenya.evolutiontravel.it\/infovacanze\/wp-content\/uploads\/sites\/27\/2014\/05\/barriera-corallina-kenya-300x200.jpg 300w, https:\/\/kenya.evolutiontravel.it\/infovacanze\/wp-content\/uploads\/sites\/27\/2014\/05\/barriera-corallina-kenya.jpg 400w\" sizes=\"(max-width: 300px) 100vw, 300px\" \/><p id=\"caption-attachment-281\" class=\"wp-caption-text\">Una foto subacquea della barriera corallina del Kenya.<\/p><\/div>\n<p>Malindi \u00e8 una delle mete pi\u00f9 esclusive in tutto il panorama turistico internazionale. Watum possiede le spiagge pi\u00f9 belle dell&#8217;intero paese e, secondo alcuni, del mondo intero.<\/p>\n<p>Rivolgervi ad un <strong>professionista Evolution Travel specializzato<\/strong> nella pianificazione di questo itinerario vi permetter\u00e0 di vistare i luoghi pi\u00f9 suggestivi in tutta tranquillit\u00e0.<\/p>\n<p><strong>Oltre alla barriera corallina<\/strong>, il Kenya \u00e8 il luogo perfetto per compiere <strong>un safari<\/strong> in compagnia dei vostri amici o dei vostri familiari.<\/p>\n<p>Questo paese rappresenta l&#8217;Africa in modo eccellente: foresta pluviale lussureggiante, savana selvaggia , alte montagne e altipiani che arrivano a sfiorare i tremila metri di quota.<\/p>\n<p>Ben il 10% del territorio nazionale \u00e8 <strong>riserva protetta<\/strong> e facendovi condurre nei parchi da una guida esperta potrete fotografare leoni, iene, zebre, antilopi, giraffe e molti altri animali. Tra i pi\u00f9 famosi: il parco dello Tsavo, il Masai Mara e il parco della Rift Valley.<\/p>\n<p>Nono sono obbligatori specifici vaccini quando si visita il Kenya, tuttavia \u00e8 consigliato cominciare una profilassi contro la malaria prima della partenza.<\/p>\n<p>La natura selvaggia dell&#8217;Africa lascia sbalorditi e non c&#8217;\u00e8 un paese in cui il governo tenga tanto in considerazione l&#8217;ambito naturale quanto quello del Kenya.<\/p>\n<p>Per approfondire alcuni argomenti:<\/p>\n<ul>\n<li><u><u><a href=\"https:\/\/kenya.evolutiontravel.it\/infovacanze\/kenya-safari\/safari-watamu\/\">A Watamu, tra mare e safari<\/a><\/u><\/u><\/li>\n<li><u><u><a href=\"https:\/\/kenya.evolutiontravel.it\/infovacanze\/vacanze\/kenya-spiagge\/\">Spiagge e mare del Kenya<\/a><\/u><\/u><\/li>\n<\/ul>\n<p style=\"text-align: center\"><span style=\"color: #008000\"><strong><span style=\"color: #333333\">&#8220;<\/span>SPECIALE KENYA<span style=\"color: #333333\">&#8220;<\/span><\/strong><\/span> con le <span style=\"color: #008000\"><strong>IMPERDIBILI OFFERTE<\/strong><\/span> di Evolution Travel<\/p>\n<p style=\"text-align: center\">In un solo click scopri <strong>tutti i dettagli dei viaggi<\/strong>: <strong>programma<\/strong>, <strong>foto<\/strong>, <strong>commenti<\/strong> e <strong>recensioni<\/strong>, <strong>itinerari<\/strong>!<\/p>\n<p style=\"text-align: center\"><strong><span style=\"color: #008000\">CLICCA ADESSO, NON FARTI SFUGGIRE QUESTE OCCASIONI!<\/span><\/strong><\/p>\n<div class=\"feedzy-ad472f1ddbe5c632f21461cda075dc3e feedzy-rss\">\n\t\t<ul class=\"feedzy-style2\">\n\t\t\t\t\t<li  style=\"padding: 23px 0 38px\" class=\"rss_item feedzy-rss-col-3\" >\n\t\t\t\t\t\t\t\t\t<div class=\"rss_image\" style=\"width:225px; height:225px;\">\n\t\t\t\t\t\t<a href=\"https:\/\/kenya.evolutiontravel.it\/it_IT\/905\/tab\/40056_kobe-suite-resort-5-stelle.html\" target=\"_blank\" \n\t\t\t\t\t\t\trel=\"noopener \"\n\t\t\t\t\t\t\ttitle=\"Kobe Suite Resort 5 stelle\"\n\t\t\t\t\t\t\tstyle=\"width:225px; height:225px;\">\n\t\t\t\t\t\t\t<span class=\"fetched\" style=\"background-image:  url('http:\/\/etcdn.net\/thumbnails\/40056\/it-watamu-kobe-suite-resort-5-stelle-7edcf.jpg');\" title=\"Kobe Suite Resort 5 stelle\"><\/span><amp-img width=\"225\" height=\"225\" src=\"http:\/\/etcdn.net\/thumbnails\/40056\/it-watamu-kobe-suite-resort-5-stelle-7edcf.jpg\">\t\t\t\t\t\t<\/a>\n\t\t\t\t\t<\/div>\n\t\t\t\t\t\t\t\t<div class=\"rss_content_wrap\">\n\t\t\t\t\t<span class=\"title\">\n\t\t\t\t\t\t<a href=\"https:\/\/kenya.evolutiontravel.it\/it_IT\/905\/tab\/40056_kobe-suite-resort-5-stelle.html\" target=\"_blank\"  rel=\"noopener \">\n\t\t\t\t\t\t\tKobe Suite Resort 5 stelle\t\t\t\t\t\t<\/a>\n\t\t\t\t\t<\/span>\n\t\t\t\t\t<div class=\"rss_content\"\n\t\t\t\t\t\t\tstyle=\"\">\n\t\t\t\t\t\t\n\t\t\t\t\t\t\t\t\t\t\t\t<p class=\"description\">Una\u00a0\"bomboniera\"\u00a0sulla meravigliosa spiaggia Garoda Beach. Dedicato agli amanti del buon gusto alla ricerca del vero relax in [&hellip;]<\/p>\n\t\t\t\t\t\t\n\t\t\t\t\t\t\t\t\t\t\t\t\t\t\t\t\t\t\t<div class=\"price-wrap\">\n\t\t\t\t\t\t\t\t<a href=\"https:\/\/kenya.evolutiontravel.it\/it_IT\/905\/tab\/40056_kobe-suite-resort-5-stelle.html\" target=\"_blank\" rel=\"noopener\"><button class=\"price\"> 975<\/button><\/a>\n\t\t\t\t\t\t\t<\/div>\n\t\t\t\t\t\t\t\t\t\t\t<\/div>\n\t\t\t\t<\/div>\n\t\t\t<\/li>\n\t\t\t\t\t\t<li  style=\"padding: 23px 0 38px\" class=\"rss_item feedzy-rss-col-3\" >\n\t\t\t\t\t\t\t\t\t<div class=\"rss_image\" style=\"width:225px; height:225px;\">\n\t\t\t\t\t\t<a href=\"https:\/\/kenya.evolutiontravel.it\/it_IT\/905\/tab\/41242_tawi-elegant-rooms.html\" target=\"_blank\" \n\t\t\t\t\t\t\trel=\"noopener \"\n\t\t\t\t\t\t\ttitle=\"Tawi elegant rooms\"\n\t\t\t\t\t\t\tstyle=\"width:225px; height:225px;\">\n\t\t\t\t\t\t\t<span class=\"fetched\" style=\"background-image:  url('http:\/\/etcdn.net\/thumbnails\/41242\/it-watamu-tiwi-elegant-rooms-85b14.jpg');\" title=\"Tawi elegant rooms\"><\/span><amp-img width=\"225\" height=\"225\" src=\"http:\/\/etcdn.net\/thumbnails\/41242\/it-watamu-tiwi-elegant-rooms-85b14.jpg\">\t\t\t\t\t\t<\/a>\n\t\t\t\t\t<\/div>\n\t\t\t\t\t\t\t\t<div class=\"rss_content_wrap\">\n\t\t\t\t\t<span class=\"title\">\n\t\t\t\t\t\t<a href=\"https:\/\/kenya.evolutiontravel.it\/it_IT\/905\/tab\/41242_tawi-elegant-rooms.html\" target=\"_blank\"  rel=\"noopener \">\n\t\t\t\t\t\t\tTawi elegant rooms\t\t\t\t\t\t<\/a>\n\t\t\t\t\t<\/span>\n\t\t\t\t\t<div class=\"rss_content\"\n\t\t\t\t\t\t\tstyle=\"\">\n\t\t\t\t\t\t\n\t\t\t\t\t\t\t\t\t\t\t\t<p class=\"description\">Eleganti stanze private a Watamu A soli 300 metri dalla spiaggia di Fortamu, il Tawi offre eleganti camere private ed esperienze [&hellip;]<\/p>\n\t\t\t\t\t\t\n\t\t\t\t\t\t\t\t\t\t\t\t\t\t\t\t\t\t\t<div class=\"price-wrap\">\n\t\t\t\t\t\t\t\t<a href=\"https:\/\/kenya.evolutiontravel.it\/it_IT\/905\/tab\/41242_tawi-elegant-rooms.html\" target=\"_blank\" rel=\"noopener\"><button class=\"price\"> 545<\/button><\/a>\n\t\t\t\t\t\t\t<\/div>\n\t\t\t\t\t\t\t\t\t\t\t<\/div>\n\t\t\t\t<\/div>\n\t\t\t<\/li>\n\t\t\t\t\t\t<li  style=\"padding: 23px 0 38px\" class=\"rss_item feedzy-rss-col-3\" >\n\t\t\t\t\t\t\t\t\t<div class=\"rss_image\" style=\"width:225px; height:225px;\">\n\t\t\t\t\t\t<a href=\"https:\/\/kenya.evolutiontravel.it\/it_IT\/905\/tab\/5520_jacaranda-beach-resort-4-stelle.html\" target=\"_blank\" \n\t\t\t\t\t\t\trel=\"noopener \"\n\t\t\t\t\t\t\ttitle=\"Jacaranda Beach Resort 4 stelle\"\n\t\t\t\t\t\t\tstyle=\"width:225px; height:225px;\">\n\t\t\t\t\t\t\t<span class=\"fetched\" style=\"background-image:  url('http:\/\/etcdn.net\/thumbnails\/5520\/it-watamu-jacaranda-beach-resort-4-stelle-7ee85.jpg');\" title=\"Jacaranda Beach Resort 4 stelle\"><\/span><amp-img width=\"225\" height=\"225\" src=\"http:\/\/etcdn.net\/thumbnails\/5520\/it-watamu-jacaranda-beach-resort-4-stelle-7ee85.jpg\">\t\t\t\t\t\t<\/a>\n\t\t\t\t\t<\/div>\n\t\t\t\t\t\t\t\t<div class=\"rss_content_wrap\">\n\t\t\t\t\t<span class=\"title\">\n\t\t\t\t\t\t<a href=\"https:\/\/kenya.evolutiontravel.it\/it_IT\/905\/tab\/5520_jacaranda-beach-resort-4-stelle.html\" target=\"_blank\"  rel=\"noopener \">\n\t\t\t\t\t\t\tJacaranda Beach Resort 4 stelle\t\t\t\t\t\t<\/a>\n\t\t\t\t\t<\/span>\n\t\t\t\t\t<div class=\"rss_content\"\n\t\t\t\t\t\t\tstyle=\"\">\n\t\t\t\t\t\t\n\t\t\t\t\t\t\t\t\t\t\t\t<p class=\"description\">Conosciutissima\u00a0struttura, situata direttamente sulla spiaggia di Sardegna 2\u00a0, vanta un\u2019atmosfera informale che la rende il [&hellip;]<\/p>\n\t\t\t\t\t\t\n\t\t\t\t\t\t\t\t\t\t\t\t\t\t\t\t\t\t\t<div class=\"price-wrap\">\n\t\t\t\t\t\t\t\t<a href=\"https:\/\/kenya.evolutiontravel.it\/it_IT\/905\/tab\/5520_jacaranda-beach-resort-4-stelle.html\" target=\"_blank\" rel=\"noopener\"><button class=\"price\"> 660<\/button><\/a>\n\t\t\t\t\t\t\t<\/div>\n\t\t\t\t\t\t\t\t\t\t\t<\/div>\n\t\t\t\t<\/div>\n\t\t\t<\/li>\n\t\t\t\t\t\t<li  style=\"padding: 23px 0 38px\" class=\"rss_item feedzy-rss-col-3\" >\n\t\t\t\t\t\t\t\t\t<div class=\"rss_image\" style=\"width:225px; height:225px;\">\n\t\t\t\t\t\t<a href=\"https:\/\/kenya.evolutiontravel.it\/it_IT\/905\/tab\/40054_lily-palm-beach-resort.html\" target=\"_blank\" \n\t\t\t\t\t\t\trel=\"noopener \"\n\t\t\t\t\t\t\ttitle=\"Lily Palm Beach Resort\"\n\t\t\t\t\t\t\tstyle=\"width:225px; height:225px;\">\n\t\t\t\t\t\t\t<span class=\"fetched\" style=\"background-image:  url('http:\/\/etcdn.net\/thumbnails\/40054\/it-watamu-lily-palm-beach-resort-7ed8d.jpg');\" title=\"Lily Palm Beach Resort\"><\/span><amp-img width=\"225\" height=\"225\" src=\"http:\/\/etcdn.net\/thumbnails\/40054\/it-watamu-lily-palm-beach-resort-7ed8d.jpg\">\t\t\t\t\t\t<\/a>\n\t\t\t\t\t<\/div>\n\t\t\t\t\t\t\t\t<div class=\"rss_content_wrap\">\n\t\t\t\t\t<span class=\"title\">\n\t\t\t\t\t\t<a href=\"https:\/\/kenya.evolutiontravel.it\/it_IT\/905\/tab\/40054_lily-palm-beach-resort.html\" target=\"_blank\"  rel=\"noopener \">\n\t\t\t\t\t\t\tLily Palm Beach Resort\t\t\t\t\t\t<\/a>\n\t\t\t\t\t<\/span>\n\t\t\t\t\t<div class=\"rss_content\"\n\t\t\t\t\t\t\tstyle=\"\">\n\t\t\t\t\t\t\n\t\t\t\t\t\t\t\t\t\t\t\t<p class=\"description\">La stupenda Blu Lagoon a Watamu \u00e8 un vero paradiso di spiagge bianche, protetta dalla barriera corallina che la separa dal Parco [&hellip;]<\/p>\n\t\t\t\t\t\t\n\t\t\t\t\t\t\t\t\t\t\t\t\t\t\t\t\t\t\t<div class=\"price-wrap\">\n\t\t\t\t\t\t\t\t<a href=\"https:\/\/kenya.evolutiontravel.it\/it_IT\/905\/tab\/40054_lily-palm-beach-resort.html\" target=\"_blank\" rel=\"noopener\"><button class=\"price\"> 650<\/button><\/a>\n\t\t\t\t\t\t\t<\/div>\n\t\t\t\t\t\t\t\t\t\t\t<\/div>\n\t\t\t\t<\/div>\n\t\t\t<\/li>\n\t\t\t\t\t\t<li  style=\"padding: 23px 0 38px\" class=\"rss_item feedzy-rss-col-3\" >\n\t\t\t\t\t\t\t\t\t<div class=\"rss_image\" style=\"width:225px; height:225px;\">\n\t\t\t\t\t\t<a href=\"https:\/\/kenya.evolutiontravel.it\/it_IT\/905\/tab\/40057_visiwa-beach-il-resort-con-vista.html\" target=\"_blank\" \n\t\t\t\t\t\t\trel=\"noopener \"\n\t\t\t\t\t\t\ttitle=\"Visiwa Beach, il Resort con vista\"\n\t\t\t\t\t\t\tstyle=\"width:225px; height:225px;\">\n\t\t\t\t\t\t\t<span class=\"fetched\" style=\"background-image:  url('http:\/\/etcdn.net\/thumbnails\/40057\/it-watamu-visiwa-beach-il-resort-con-vista-7ee00.jpg');\" title=\"Visiwa Beach, il Resort con vista\"><\/span><amp-img width=\"225\" height=\"225\" src=\"http:\/\/etcdn.net\/thumbnails\/40057\/it-watamu-visiwa-beach-il-resort-con-vista-7ee00.jpg\">\t\t\t\t\t\t<\/a>\n\t\t\t\t\t<\/div>\n\t\t\t\t\t\t\t\t<div class=\"rss_content_wrap\">\n\t\t\t\t\t<span class=\"title\">\n\t\t\t\t\t\t<a href=\"https:\/\/kenya.evolutiontravel.it\/it_IT\/905\/tab\/40057_visiwa-beach-il-resort-con-vista.html\" target=\"_blank\"  rel=\"noopener \">\n\t\t\t\t\t\t\tVisiwa Beach, il Resort con vista\t\t\t\t\t\t<\/a>\n\t\t\t\t\t<\/span>\n\t\t\t\t\t<div class=\"rss_content\"\n\t\t\t\t\t\t\tstyle=\"\">\n\t\t\t\t\t\t\n\t\t\t\t\t\t\t\t\t\t\t\t<p class=\"description\">Un piccolo, esclusivo ed elegante Boutique Hotel davanti alle 7 isole dell'arcipelago di Watamu<\/p>\n\t\t\t\t\t\t\n\t\t\t\t\t\t\t\t\t\t\t\t\t\t\t\t\t\t\t<div class=\"price-wrap\">\n\t\t\t\t\t\t\t\t<a href=\"https:\/\/kenya.evolutiontravel.it\/it_IT\/905\/tab\/40057_visiwa-beach-il-resort-con-vista.html\" target=\"_blank\" rel=\"noopener\"><button class=\"price\"> 690<\/button><\/a>\n\t\t\t\t\t\t\t<\/div>\n\t\t\t\t\t\t\t\t\t\t\t<\/div>\n\t\t\t\t<\/div>\n\t\t\t<\/li>\n\t\t\t\t<\/ul>\n<\/div>\n<style type=\"text\/css\" media=\"all\">.feedzy-rss .rss_item .rss_image{float:left;position:relative;border:none;text-decoration:none;max-width:100%}.feedzy-rss .rss_item .rss_image span{display:inline-block;position:absolute;width:100%;height:100%;background-position:50%;background-size:cover}.feedzy-rss .rss_item .rss_image{margin:.3em 1em 0 0;content-visibility:auto}.feedzy-rss ul{list-style:none}.feedzy-rss ul li{display:inline-block}<\/style>\n","protected":false},"excerpt":{"rendered":"<p>Spiagge mozzafiato, mare bellissimo, barriera corallina, savana, animali selvaggi e pesci tropicali rappresentano un mix unico che \u00e8 in grado di soddisfare qualsiasi desiderio: questo \u00e8 il continente africano. La barriera corallina in Kenya rappresenta un luogo unico per gli appassionati subacquei e amanti del mare. A seconda di dove decidere ti immergervi potrete ammirare <a class=\"moretag\" href=\"https:\/\/kenya.evolutiontravel.it\/infovacanze\/informazioni\/barriera-corallina\/\">[&#8230;]<\/a><\/p>\n","protected":false},"author":6,"featured_media":0,"parent":6,"menu_order":0,"comment_status":"closed","ping_status":"open","template":"templates\/template-with-right-sidebar.php","meta":{"footnotes":""},"yoast_head":"<!-- This site is optimized with the Yoast SEO plugin v21.9.1 - https:\/\/yoast.com\/wordpress\/plugins\/seo\/ -->\n<title>Kenya, barriera corallina e mare per fare immersioni e snorkeling<\/title>\n<meta name=\"description\" content=\"Stai pensando al Kenya per una vacanza al mare? La barriera corallina ti stupir\u00e0! Leggi il nostro articolo e parti con le offerte Evolution Travel!\" \/>\n<meta name=\"robots\" content=\"index, follow, max-snippet:-1, max-image-preview:large, max-video-preview:-1\" \/>\n<link rel=\"canonical\" href=\"https:\/\/kenya.evolutiontravel.it\/infovacanze\/informazioni\/barriera-corallina\/\" \/>\n<meta property=\"og:locale\" content=\"it_IT\" \/>\n<meta property=\"og:type\" content=\"article\" \/>\n<meta property=\"og:title\" content=\"Kenya, barriera corallina e mare per fare immersioni e snorkeling\" \/>\n<meta property=\"og:description\" content=\"Stai pensando al Kenya per una vacanza al mare? La barriera corallina ti stupir\u00e0! Leggi il nostro articolo e parti con le offerte Evolution Travel!\" \/>\n<meta property=\"og:url\" content=\"https:\/\/kenya.evolutiontravel.it\/infovacanze\/informazioni\/barriera-corallina\/\" \/>\n<meta property=\"og:site_name\" content=\"Kenya\" \/>\n<meta property=\"article:modified_time\" content=\"2018-03-06T11:58:02+00:00\" \/>\n<meta property=\"og:image\" content=\"http:\/\/kenya.evolutiontravel.it\/infovacanze\/wp-content\/uploads\/sites\/27\/2014\/05\/barriera-corallina-kenya-300x200.jpg\" \/>\n<meta name=\"twitter:label1\" content=\"Tempo di lettura stimato\" \/>\n\t<meta name=\"twitter:data1\" content=\"2 minuti\" \/>\n<script type=\"application\/ld+json\" class=\"yoast-schema-graph\">{\"@context\":\"https:\/\/schema.org\",\"@graph\":[{\"@type\":\"WebPage\",\"@id\":\"https:\/\/kenya.evolutiontravel.it\/infovacanze\/informazioni\/barriera-corallina\/\",\"url\":\"https:\/\/kenya.evolutiontravel.it\/infovacanze\/informazioni\/barriera-corallina\/\",\"name\":\"Kenya, barriera corallina e mare per fare immersioni e snorkeling\",\"isPartOf\":{\"@id\":\"https:\/\/kenya.evolutiontravel.it\/infovacanze\/#website\"},\"datePublished\":\"2014-05-19T15:30:55+00:00\",\"dateModified\":\"2018-03-06T11:58:02+00:00\",\"description\":\"Stai pensando al Kenya per una vacanza al mare? La barriera corallina ti stupir\u00e0! Leggi il nostro articolo e parti con le offerte Evolution Travel!\",\"breadcrumb\":{\"@id\":\"https:\/\/kenya.evolutiontravel.it\/infovacanze\/informazioni\/barriera-corallina\/#breadcrumb\"},\"inLanguage\":\"it-IT\",\"potentialAction\":[{\"@type\":\"ReadAction\",\"target\":[\"https:\/\/kenya.evolutiontravel.it\/infovacanze\/informazioni\/barriera-corallina\/\"]}]},{\"@type\":\"BreadcrumbList\",\"@id\":\"https:\/\/kenya.evolutiontravel.it\/infovacanze\/informazioni\/barriera-corallina\/#breadcrumb\",\"itemListElement\":[{\"@type\":\"ListItem\",\"position\":1,\"name\":\"Kenya, informazioni utili per le vacanze\",\"item\":\"https:\/\/kenya.evolutiontravel.it\/infovacanze\/informazioni\/\"},{\"@type\":\"ListItem\",\"position\":2,\"name\":\"Barriera corallina e mare del Kenya\"}]},{\"@type\":\"WebSite\",\"@id\":\"https:\/\/kenya.evolutiontravel.it\/infovacanze\/#website\",\"url\":\"https:\/\/kenya.evolutiontravel.it\/infovacanze\/\",\"name\":\"Kenya\",\"description\":\"\",\"potentialAction\":[{\"@type\":\"SearchAction\",\"target\":{\"@type\":\"EntryPoint\",\"urlTemplate\":\"https:\/\/kenya.evolutiontravel.it\/infovacanze\/?s={search_term_string}\"},\"query-input\":\"required name=search_term_string\"}],\"inLanguage\":\"it-IT\"}]}<\/script>\n<!-- \/ Yoast SEO plugin. -->","yoast_head_json":{"title":"Kenya, barriera corallina e mare per fare immersioni e snorkeling","description":"Stai pensando al Kenya per una vacanza al mare? La barriera corallina ti stupir\u00e0! Leggi il nostro articolo e parti con le offerte Evolution Travel!","robots":{"index":"index","follow":"follow","max-snippet":"max-snippet:-1","max-image-preview":"max-image-preview:large","max-video-preview":"max-video-preview:-1"},"canonical":"https:\/\/kenya.evolutiontravel.it\/infovacanze\/informazioni\/barriera-corallina\/","og_locale":"it_IT","og_type":"article","og_title":"Kenya, barriera corallina e mare per fare immersioni e snorkeling","og_description":"Stai pensando al Kenya per una vacanza al mare? La barriera corallina ti stupir\u00e0! Leggi il nostro articolo e parti con le offerte Evolution Travel!","og_url":"https:\/\/kenya.evolutiontravel.it\/infovacanze\/informazioni\/barriera-corallina\/","og_site_name":"Kenya","article_modified_time":"2018-03-06T11:58:02+00:00","og_image":[{"url":"http:\/\/kenya.evolutiontravel.it\/infovacanze\/wp-content\/uploads\/sites\/27\/2014\/05\/barriera-corallina-kenya-300x200.jpg"}],"twitter_misc":{"Tempo di lettura stimato":"2 minuti"},"schema":{"@context":"https:\/\/schema.org","@graph":[{"@type":"WebPage","@id":"https:\/\/kenya.evolutiontravel.it\/infovacanze\/informazioni\/barriera-corallina\/","url":"https:\/\/kenya.evolutiontravel.it\/infovacanze\/informazioni\/barriera-corallina\/","name":"Kenya, barriera corallina e mare per fare immersioni e snorkeling","isPartOf":{"@id":"https:\/\/kenya.evolutiontravel.it\/infovacanze\/#website"},"datePublished":"2014-05-19T15:30:55+00:00","dateModified":"2018-03-06T11:58:02+00:00","description":"Stai pensando al Kenya per una vacanza al mare? La barriera corallina ti stupir\u00e0! Leggi il nostro articolo e parti con le offerte Evolution Travel!","breadcrumb":{"@id":"https:\/\/kenya.evolutiontravel.it\/infovacanze\/informazioni\/barriera-corallina\/#breadcrumb"},"inLanguage":"it-IT","potentialAction":[{"@type":"ReadAction","target":["https:\/\/kenya.evolutiontravel.it\/infovacanze\/informazioni\/barriera-corallina\/"]}]},{"@type":"BreadcrumbList","@id":"https:\/\/kenya.evolutiontravel.it\/infovacanze\/informazioni\/barriera-corallina\/#breadcrumb","itemListElement":[{"@type":"ListItem","position":1,"name":"Kenya, informazioni utili per le vacanze","item":"https:\/\/kenya.evolutiontravel.it\/infovacanze\/informazioni\/"},{"@type":"ListItem","position":2,"name":"Barriera corallina e mare del Kenya"}]},{"@type":"WebSite","@id":"https:\/\/kenya.evolutiontravel.it\/infovacanze\/#website","url":"https:\/\/kenya.evolutiontravel.it\/infovacanze\/","name":"Kenya","description":"","potentialAction":[{"@type":"SearchAction","target":{"@type":"EntryPoint","urlTemplate":"https:\/\/kenya.evolutiontravel.it\/infovacanze\/?s={search_term_string}"},"query-input":"required name=search_term_string"}],"inLanguage":"it-IT"}]}},"_links":{"self":[{"href":"https:\/\/kenya.evolutiontravel.it\/infovacanze\/wp-json\/wp\/v2\/pages\/19"}],"collection":[{"href":"https:\/\/kenya.evolutiontravel.it\/infovacanze\/wp-json\/wp\/v2\/pages"}],"about":[{"href":"https:\/\/kenya.evolutiontravel.it\/infovacanze\/wp-json\/wp\/v2\/types\/page"}],"author":[{"embeddable":true,"href":"https:\/\/kenya.evolutiontravel.it\/infovacanze\/wp-json\/wp\/v2\/users\/6"}],"replies":[{"embeddable":true,"href":"https:\/\/kenya.evolutiontravel.it\/infovacanze\/wp-json\/wp\/v2\/comments?post=19"}],"version-history":[{"count":17,"href":"https:\/\/kenya.evolutiontravel.it\/infovacanze\/wp-json\/wp\/v2\/pages\/19\/revisions"}],"predecessor-version":[{"id":480,"href":"https:\/\/kenya.evolutiontravel.it\/infovacanze\/wp-json\/wp\/v2\/pages\/19\/revisions\/480"}],"up":[{"embeddable":true,"href":"https:\/\/kenya.evolutiontravel.it\/infovacanze\/wp-json\/wp\/v2\/pages\/6"}],"wp:attachment":[{"href":"https:\/\/kenya.evolutiontravel.it\/infovacanze\/wp-json\/wp\/v2\/media?parent=19"}],"curies":[{"name":"wp","href":"https:\/\/api.w.org\/{rel}","templated":true}]}}