{"id":134,"date":"2014-06-11T16:17:33","date_gmt":"2014-06-11T14:17:33","guid":{"rendered":"http:\/\/kenya.evolutiontravel.it\/infovacanze\/?page_id=134"},"modified":"2018-11-14T15:45:07","modified_gmt":"2018-11-14T14:45:07","slug":"kenya-spiagge","status":"publish","type":"page","link":"https:\/\/kenya.evolutiontravel.it\/infovacanze\/vacanze\/kenya-spiagge\/","title":{"rendered":"Spiagge in Kenya"},"content":{"rendered":"<p><strong>Malindi<\/strong> e <strong>Watamu<\/strong>, solo per citare due delle localit\u00e0 balneari con <strong>le pi\u00f9 belle spiagge del Kenya<\/strong> che per alcuni sono addiritture le pi\u00f9 belle al mondo. Oltre alla tipica vita da mare, in queste due destinazioni, a 20km di distanza l&#8217;una dall&#8217;altra, troverete tante attrazioni, centri per sport acquatici come surf e kitesurf. Oppure, semplicemente, ci saranno ad attendervi <strong>lunghe distese di sabbia bianca<\/strong> lambite da un mare a dir poco paradisiaco!<\/p>\n<h2>Spiagge con piscine naturali, a Watamu<\/h2>\n<p><a title=\"watamu\" href=\"https:\/\/kenya.evolutiontravel.it\/infovacanze\/kenya-safari\/safari-watamu\/\">Watamu<\/a> \u00e8 famosa per <strong>un particolare fenomeno<\/strong> che interessa proprio le sue spiagge: durante la<strong> bassa marea<\/strong> si creano piscine naturali dove \u00e8 piacevole immergersi.<\/p>\n<div id=\"attachment_47\" style=\"width: 460px\" class=\"wp-caption alignright\"><img loading=\"lazy\" decoding=\"async\" aria-describedby=\"caption-attachment-47\" class=\"wp-image-47\" src=\"https:\/\/kenya.evolutiontravel.it\/infovacanze\/wp-content\/uploads\/sites\/27\/2014\/05\/KENYA-Malindi-300x225.jpg\" alt=\"Spiaggia in Kenya\" width=\"450\" height=\"338\" srcset=\"https:\/\/kenya.evolutiontravel.it\/infovacanze\/wp-content\/uploads\/sites\/27\/2014\/05\/KENYA-Malindi-300x225.jpg 300w, https:\/\/kenya.evolutiontravel.it\/infovacanze\/wp-content\/uploads\/sites\/27\/2014\/05\/KENYA-Malindi-400x300.jpg 400w, https:\/\/kenya.evolutiontravel.it\/infovacanze\/wp-content\/uploads\/sites\/27\/2014\/05\/KENYA-Malindi.jpg 800w\" sizes=\"(max-width: 450px) 100vw, 450px\" \/><p id=\"caption-attachment-47\" class=\"wp-caption-text\">Tipica spiagga in Kenya<\/p><\/div>\n<p>Il vento che soffia costante richiama appassionati di <strong>windsurf e kitesurf <\/strong>e gli alberghi forniscono attrezzature a prezzi economici e le scuole locali offrono corsi a tutti i livelli.<\/p>\n<p>Anche nei <strong>dintorni <\/strong>si trovano lidi decisamente suggestivi: a circa cento km da qui raggiungiamo <strong>Mombasa<\/strong>, e poi, ancora, <strong>Diani Beach<\/strong>, localit\u00e0 turistica nota anche per i numerosi resort di lusso e locali notturni.<\/p>\n<h2>A Malindi per fare snorkeling<\/h2>\n<p>Malindi, sulla <strong>costa meridionale del Kenya<\/strong>, \u00e8 capoluogo dell\u2019omonima provincia e dista da Mombasa circa 2 ore. Qui troverete palme, spiagge bianche e mare turchese: un sogno ad occhi aperti.<\/p>\n<p>Per <strong>fare snorkeling<\/strong> \u00e8 perfetta, non solo per la presenza della <a title=\"kenya barriera corallina\" href=\"https:\/\/kenya.evolutiontravel.it\/infovacanze\/informazioni\/barriera-corallina\/\"><strong>barriera corallina<\/strong><\/a> ma anche per le sue numerose aree protette: in molte spiagge arrivano le <strong>tartarughe marine<\/strong> a deporre le loro uova giganti.<\/p>\n<p>&nbsp;<\/p>\n<p style=\"text-align: center\"><strong>\u00a0SPECIALE &#8220;<span style=\"color: #008000\">KENYA SOGGIORNO + VOLO<\/span>&#8221; con Evolution Travel<\/strong><\/p>\n<p style=\"text-align: center\"><strong><span style=\"color: #008000\">GUARDA SUBITO LE NOSTRE OFFERTE, CLICCA E SCOPRI<\/span><\/strong>: <strong>programma<\/strong>, <strong>foto<\/strong>, <strong>commenti<\/strong>, <strong>itinerari<\/strong> e <strong>servizi inclusi<\/strong>!<\/p>\n<div class=\"feedzy-614f90dafbdd16099597f5b2b32d09d9 feedzy-rss\">\n\t\t<ul class=\"feedzy-style2\">\n\t\t\t\t\t<li  style=\"padding: 23px 0 38px\" class=\"rss_item feedzy-rss-col-3\" >\n\t\t\t\t\t\t\t\t\t<div class=\"rss_image\" style=\"width:225px; height:225px;\">\n\t\t\t\t\t\t<a href=\"https:\/\/kenya.evolutiontravel.it\/it_IT\/905\/tab\/28054_club-twiga-resort.html\" target=\"_blank\" \n\t\t\t\t\t\t\trel=\"noopener \"\n\t\t\t\t\t\t\ttitle=\"Club Twiga Resort\"\n\t\t\t\t\t\t\tstyle=\"width:225px; height:225px;\">\n\t\t\t\t\t\t\t<span class=\"fetched\" style=\"background-image:  url('http:\/\/etcdn.net\/thumbnails\/28054\/it-watamu-club-twiga-resort-7f7f6.jpg');\" title=\"Club Twiga Resort\"><\/span><amp-img width=\"225\" height=\"225\" src=\"http:\/\/etcdn.net\/thumbnails\/28054\/it-watamu-club-twiga-resort-7f7f6.jpg\">\t\t\t\t\t\t<\/a>\n\t\t\t\t\t<\/div>\n\t\t\t\t\t\t\t\t<div class=\"rss_content_wrap\">\n\t\t\t\t\t<span class=\"title\">\n\t\t\t\t\t\t<a href=\"https:\/\/kenya.evolutiontravel.it\/it_IT\/905\/tab\/28054_club-twiga-resort.html\" target=\"_blank\"  rel=\"noopener \">\n\t\t\t\t\t\t\tClub Twiga Resort\t\t\t\t\t\t<\/a>\n\t\t\t\t\t<\/span>\n\t\t\t\t\t<div class=\"rss_content\"\n\t\t\t\t\t\t\tstyle=\"\">\n\t\t\t\t\t\t\n\t\t\t\t\t\t\t\t\t\t\t\t<p class=\"description\">Un\u00a0gioiello  : recentissimo resort\u00a0a Watamu, a circa 20 minuti\u00a0da Malindi; direttamente sulla meravigliosa spiaggia\u00a0di fronte [&hellip;]<\/p>\n\t\t\t\t\t\t\n\t\t\t\t\t\t\t\t\t\t\t\t\t\t\t\t\t<\/div>\n\t\t\t\t<\/div>\n\t\t\t<\/li>\n\t\t\t\t\t\t<li  style=\"padding: 23px 0 38px\" class=\"rss_item feedzy-rss-col-3\" >\n\t\t\t\t\t\t\t\t\t<div class=\"rss_image\" style=\"width:225px; height:225px;\">\n\t\t\t\t\t\t<a href=\"https:\/\/kenya.evolutiontravel.it\/it_IT\/905\/tab\/39344_medina-palms-5-stelle.html\" target=\"_blank\" \n\t\t\t\t\t\t\trel=\"noopener \"\n\t\t\t\t\t\t\ttitle=\"Medina Palms 5 stelle\"\n\t\t\t\t\t\t\tstyle=\"width:225px; height:225px;\">\n\t\t\t\t\t\t\t<span class=\"fetched\" style=\"background-image:  url('http:\/\/etcdn.net\/thumbnails\/39344\/it-watamu-medina-palms-5-stelle-7aada.jpg');\" title=\"Medina Palms 5 stelle\"><\/span><amp-img width=\"225\" height=\"225\" src=\"http:\/\/etcdn.net\/thumbnails\/39344\/it-watamu-medina-palms-5-stelle-7aada.jpg\">\t\t\t\t\t\t<\/a>\n\t\t\t\t\t<\/div>\n\t\t\t\t\t\t\t\t<div class=\"rss_content_wrap\">\n\t\t\t\t\t<span class=\"title\">\n\t\t\t\t\t\t<a href=\"https:\/\/kenya.evolutiontravel.it\/it_IT\/905\/tab\/39344_medina-palms-5-stelle.html\" target=\"_blank\"  rel=\"noopener \">\n\t\t\t\t\t\t\tMedina Palms 5 stelle\t\t\t\t\t\t<\/a>\n\t\t\t\t\t<\/span>\n\t\t\t\t\t<div class=\"rss_content\"\n\t\t\t\t\t\t\tstyle=\"\">\n\t\t\t\t\t\t\n\t\t\t\t\t\t\t\t\t\t\t\t<p class=\"description\">Ubicato a sud del villaggio di Watamu, affacciato direttamente sul Marine National Park.<\/p>\n\t\t\t\t\t\t\n\t\t\t\t\t\t\t\t\t\t\t\t\t\t\t\t\t<\/div>\n\t\t\t\t<\/div>\n\t\t\t<\/li>\n\t\t\t\t\t\t<li  style=\"padding: 23px 0 38px\" class=\"rss_item feedzy-rss-col-3\" >\n\t\t\t\t\t\t\t\t\t<div class=\"rss_image\" style=\"width:225px; height:225px;\">\n\t\t\t\t\t\t<a href=\"https:\/\/kenya.evolutiontravel.it\/it_IT\/905\/tab\/28861_sea-club-7-islands-resort.html\" target=\"_blank\" \n\t\t\t\t\t\t\trel=\"noopener \"\n\t\t\t\t\t\t\ttitle=\"Sea Club 7 Islands Resort\"\n\t\t\t\t\t\t\tstyle=\"width:225px; height:225px;\">\n\t\t\t\t\t\t\t<span class=\"fetched\" style=\"background-image:  url('http:\/\/etcdn.net\/thumbnails\/28861\/it-watamu-sea-club-7-islands-resort-4f32a.jpg');\" title=\"Sea Club 7 Islands Resort\"><\/span><amp-img width=\"225\" height=\"225\" src=\"http:\/\/etcdn.net\/thumbnails\/28861\/it-watamu-sea-club-7-islands-resort-4f32a.jpg\">\t\t\t\t\t\t<\/a>\n\t\t\t\t\t<\/div>\n\t\t\t\t\t\t\t\t<div class=\"rss_content_wrap\">\n\t\t\t\t\t<span class=\"title\">\n\t\t\t\t\t\t<a href=\"https:\/\/kenya.evolutiontravel.it\/it_IT\/905\/tab\/28861_sea-club-7-islands-resort.html\" target=\"_blank\"  rel=\"noopener \">\n\t\t\t\t\t\t\tSea Club 7 Islands Resort\t\t\t\t\t\t<\/a>\n\t\t\t\t\t<\/span>\n\t\t\t\t\t<div class=\"rss_content\"\n\t\t\t\t\t\t\tstyle=\"\">\n\t\t\t\t\t\t\n\t\t\t\t\t\t\t\t\t\t\t\t<p class=\"description\">Il nuovissimo villaggio si trova sulla splendida spiaggia che si affaccia sulle tre famose isole dell\u2019amore.\u00a0<\/p>\n\t\t\t\t\t\t\n\t\t\t\t\t\t\t\t\t\t\t\t\t\t\t\t\t<\/div>\n\t\t\t\t<\/div>\n\t\t\t<\/li>\n\t\t\t\t\t\t<li  style=\"padding: 23px 0 38px\" class=\"rss_item feedzy-rss-col-3\" >\n\t\t\t\t\t\t\t\t\t<div class=\"rss_image\" style=\"width:225px; height:225px;\">\n\t\t\t\t\t\t<a href=\"https:\/\/kenya.evolutiontravel.it\/it_IT\/905\/tab\/25614_seaclub-kole-kole-5-stelle.html\" target=\"_blank\" \n\t\t\t\t\t\t\trel=\"noopener \"\n\t\t\t\t\t\t\ttitle=\"SeaClub Kole Kole 5 stelle\"\n\t\t\t\t\t\t\tstyle=\"width:225px; height:225px;\">\n\t\t\t\t\t\t\t<span class=\"fetched\" style=\"background-image:  url('http:\/\/etcdn.net\/thumbnails\/25614\/it-diani-seaclub-kole-kole-5-stelle-4f617.jpg');\" title=\"SeaClub Kole Kole 5 stelle\"><\/span><amp-img width=\"225\" height=\"225\" src=\"http:\/\/etcdn.net\/thumbnails\/25614\/it-diani-seaclub-kole-kole-5-stelle-4f617.jpg\">\t\t\t\t\t\t<\/a>\n\t\t\t\t\t<\/div>\n\t\t\t\t\t\t\t\t<div class=\"rss_content_wrap\">\n\t\t\t\t\t<span class=\"title\">\n\t\t\t\t\t\t<a href=\"https:\/\/kenya.evolutiontravel.it\/it_IT\/905\/tab\/25614_seaclub-kole-kole-5-stelle.html\" target=\"_blank\"  rel=\"noopener \">\n\t\t\t\t\t\t\tSeaClub Kole Kole 5 stelle\t\t\t\t\t\t<\/a>\n\t\t\t\t\t<\/span>\n\t\t\t\t\t<div class=\"rss_content\"\n\t\t\t\t\t\t\tstyle=\"\">\n\t\t\t\t\t\t\n\t\t\t\t\t\t\t\t\t\t\t\t<p class=\"description\">Lo splendido Seaclub Kole Kole si affaccia sulla Diani Beach, la spiaggia tropicale di finissima sabbia bianca e grossi palmeti, [&hellip;]<\/p>\n\t\t\t\t\t\t\n\t\t\t\t\t\t\t\t\t\t\t\t\t\t\t\t\t<\/div>\n\t\t\t\t<\/div>\n\t\t\t<\/li>\n\t\t\t\t\t\t<li  style=\"padding: 23px 0 38px\" class=\"rss_item feedzy-rss-col-3\" >\n\t\t\t\t\t\t\t\t\t<div class=\"rss_image\" style=\"width:225px; height:225px;\">\n\t\t\t\t\t\t<a href=\"https:\/\/kenya.evolutiontravel.it\/it_IT\/905\/tab\/29804_villaggio-bravo-watamu-beach.html\" target=\"_blank\" \n\t\t\t\t\t\t\trel=\"noopener \"\n\t\t\t\t\t\t\ttitle=\"Villaggio Bravo Watamu Beach\"\n\t\t\t\t\t\t\tstyle=\"width:225px; height:225px;\">\n\t\t\t\t\t\t\t<span class=\"fetched\" style=\"background-image:  url('http:\/\/etcdn.net\/thumbnails\/29804\/it-watamu-jumbo-watamu-orange-club-4f6bb.jpg');\" title=\"Villaggio Bravo Watamu Beach\"><\/span><amp-img width=\"225\" height=\"225\" src=\"http:\/\/etcdn.net\/thumbnails\/29804\/it-watamu-jumbo-watamu-orange-club-4f6bb.jpg\">\t\t\t\t\t\t<\/a>\n\t\t\t\t\t<\/div>\n\t\t\t\t\t\t\t\t<div class=\"rss_content_wrap\">\n\t\t\t\t\t<span class=\"title\">\n\t\t\t\t\t\t<a href=\"https:\/\/kenya.evolutiontravel.it\/it_IT\/905\/tab\/29804_villaggio-bravo-watamu-beach.html\" target=\"_blank\"  rel=\"noopener \">\n\t\t\t\t\t\t\tVillaggio Bravo Watamu Beach\t\t\t\t\t\t<\/a>\n\t\t\t\t\t<\/span>\n\t\t\t\t\t<div class=\"rss_content\"\n\t\t\t\t\t\t\tstyle=\"\">\n\t\t\t\t\t\t\n\t\t\t\t\t\t\t\t\t\t\t\t<p class=\"description\">Incantevole resort\u00a0 immerso in un ambiente incontaminato, circondato da\u00a0bougainvilles all\u2019interno della famosa [&hellip;]<\/p>\n\t\t\t\t\t\t\n\t\t\t\t\t\t\t\t\t\t\t\t\t\t\t\t\t<\/div>\n\t\t\t\t<\/div>\n\t\t\t<\/li>\n\t\t\t\t\t\t<li  style=\"padding: 23px 0 38px\" class=\"rss_item feedzy-rss-col-3\" >\n\t\t\t\t\t\t\t\t\t<div class=\"rss_image\" style=\"width:225px; height:225px;\">\n\t\t\t\t\t\t<a href=\"https:\/\/kenya.evolutiontravel.it\/it_IT\/905\/tab\/28372_jumbo-resort-watamu-jacaranda-area.html\" target=\"_blank\" \n\t\t\t\t\t\t\trel=\"noopener \"\n\t\t\t\t\t\t\ttitle=\"Jumbo Resort Watamu - Jacaranda area\"\n\t\t\t\t\t\t\tstyle=\"width:225px; height:225px;\">\n\t\t\t\t\t\t\t<span class=\"fetched\" style=\"background-image:  url('http:\/\/etcdn.net\/thumbnails\/28372\/it-watamu-jumbo-club-orange-jacaranda-area-4f676.jpg');\" title=\"Jumbo Resort Watamu - Jacaranda area\"><\/span><amp-img width=\"225\" height=\"225\" src=\"http:\/\/etcdn.net\/thumbnails\/28372\/it-watamu-jumbo-club-orange-jacaranda-area-4f676.jpg\">\t\t\t\t\t\t<\/a>\n\t\t\t\t\t<\/div>\n\t\t\t\t\t\t\t\t<div class=\"rss_content_wrap\">\n\t\t\t\t\t<span class=\"title\">\n\t\t\t\t\t\t<a href=\"https:\/\/kenya.evolutiontravel.it\/it_IT\/905\/tab\/28372_jumbo-resort-watamu-jacaranda-area.html\" target=\"_blank\"  rel=\"noopener \">\n\t\t\t\t\t\t\tJumbo Resort Watamu - Jacaranda area\t\t\t\t\t\t<\/a>\n\t\t\t\t\t<\/span>\n\t\t\t\t\t<div class=\"rss_content\"\n\t\t\t\t\t\t\tstyle=\"\">\n\t\t\t\t\t\t\n\t\t\t\t\t\t\t\t\t\t\t\t<p class=\"description\">Immerso in un ambiente incontaminato, circondato da\u00a0bougainvilles all\u2019interno della famosa spiaggia\u00a0detta\u00a0\u201cSardegna [&hellip;]<\/p>\n\t\t\t\t\t\t\n\t\t\t\t\t\t\t\t\t\t\t\t\t\t\t\t\t<\/div>\n\t\t\t\t<\/div>\n\t\t\t<\/li>\n\t\t\t\t<\/ul>\n<\/div>\n<style type=\"text\/css\" media=\"all\">.feedzy-rss .rss_item .rss_image{float:left;position:relative;border:none;text-decoration:none;max-width:100%}.feedzy-rss .rss_item .rss_image span{display:inline-block;position:absolute;width:100%;height:100%;background-position:50%;background-size:cover}.feedzy-rss .rss_item .rss_image{margin:.3em 1em 0 0;content-visibility:auto}.feedzy-rss ul{list-style:none}.feedzy-rss ul li{display:inline-block}<\/style>\n","protected":false},"excerpt":{"rendered":"<p>Malindi e Watamu, solo per citare due delle localit\u00e0 balneari con le pi\u00f9 belle spiagge del Kenya che per alcuni sono addiritture le pi\u00f9 belle al mondo. Oltre alla tipica vita da mare, in queste due destinazioni, a 20km di distanza l&#8217;una dall&#8217;altra, troverete tante attrazioni, centri per sport acquatici come surf e kitesurf. Oppure, <a class=\"moretag\" href=\"https:\/\/kenya.evolutiontravel.it\/infovacanze\/vacanze\/kenya-spiagge\/\">[&#8230;]<\/a><\/p>\n","protected":false},"author":1,"featured_media":0,"parent":111,"menu_order":0,"comment_status":"closed","ping_status":"open","template":"templates\/template-with-right-sidebar.php","meta":{"footnotes":""},"yoast_head":"<!-- This site is optimized with the Yoast SEO plugin v21.9.1 - https:\/\/yoast.com\/wordpress\/plugins\/seo\/ -->\n<title>Spiagge Kenya: da Malindi a Watamu ecco i litorali pi\u00f9 belli<\/title>\n<meta name=\"description\" content=\"Stai pensando a una vacanza di spiagge e mare in Kenya? Leggi il nostro articolo e parti con Evolution Travel grazie alle nostre imperdibili offerte!\" \/>\n<meta name=\"robots\" content=\"index, follow, max-snippet:-1, max-image-preview:large, max-video-preview:-1\" \/>\n<link rel=\"canonical\" href=\"https:\/\/kenya.evolutiontravel.it\/infovacanze\/vacanze\/kenya-spiagge\/\" \/>\n<meta property=\"og:locale\" content=\"it_IT\" \/>\n<meta property=\"og:type\" content=\"article\" \/>\n<meta property=\"og:title\" content=\"Spiagge Kenya: da Malindi a Watamu ecco i litorali pi\u00f9 belli\" \/>\n<meta property=\"og:description\" content=\"Stai pensando a una vacanza di spiagge e mare in Kenya? Leggi il nostro articolo e parti con Evolution Travel grazie alle nostre imperdibili offerte!\" \/>\n<meta property=\"og:url\" content=\"https:\/\/kenya.evolutiontravel.it\/infovacanze\/vacanze\/kenya-spiagge\/\" \/>\n<meta property=\"og:site_name\" content=\"Kenya\" \/>\n<meta property=\"article:modified_time\" content=\"2018-11-14T14:45:07+00:00\" \/>\n<meta property=\"og:image\" content=\"https:\/\/kenya.evolutiontravel.it\/infovacanze\/wp-content\/uploads\/sites\/27\/2014\/05\/KENYA-Malindi-300x225.jpg\" \/>\n<meta name=\"twitter:label1\" content=\"Tempo di lettura stimato\" \/>\n\t<meta name=\"twitter:data1\" content=\"1 minuto\" \/>\n<script type=\"application\/ld+json\" class=\"yoast-schema-graph\">{\"@context\":\"https:\/\/schema.org\",\"@graph\":[{\"@type\":\"WebPage\",\"@id\":\"https:\/\/kenya.evolutiontravel.it\/infovacanze\/vacanze\/kenya-spiagge\/\",\"url\":\"https:\/\/kenya.evolutiontravel.it\/infovacanze\/vacanze\/kenya-spiagge\/\",\"name\":\"Spiagge Kenya: da Malindi a Watamu ecco i litorali pi\u00f9 belli\",\"isPartOf\":{\"@id\":\"https:\/\/kenya.evolutiontravel.it\/infovacanze\/#website\"},\"datePublished\":\"2014-06-11T14:17:33+00:00\",\"dateModified\":\"2018-11-14T14:45:07+00:00\",\"description\":\"Stai pensando a una vacanza di spiagge e mare in Kenya? Leggi il nostro articolo e parti con Evolution Travel grazie alle nostre imperdibili offerte!\",\"breadcrumb\":{\"@id\":\"https:\/\/kenya.evolutiontravel.it\/infovacanze\/vacanze\/kenya-spiagge\/#breadcrumb\"},\"inLanguage\":\"it-IT\",\"potentialAction\":[{\"@type\":\"ReadAction\",\"target\":[\"https:\/\/kenya.evolutiontravel.it\/infovacanze\/vacanze\/kenya-spiagge\/\"]}]},{\"@type\":\"BreadcrumbList\",\"@id\":\"https:\/\/kenya.evolutiontravel.it\/infovacanze\/vacanze\/kenya-spiagge\/#breadcrumb\",\"itemListElement\":[{\"@type\":\"ListItem\",\"position\":1,\"name\":\"Vacanze in Kenya\",\"item\":\"https:\/\/kenya.evolutiontravel.it\/infovacanze\/vacanze\/\"},{\"@type\":\"ListItem\",\"position\":2,\"name\":\"Spiagge in Kenya\"}]},{\"@type\":\"WebSite\",\"@id\":\"https:\/\/kenya.evolutiontravel.it\/infovacanze\/#website\",\"url\":\"https:\/\/kenya.evolutiontravel.it\/infovacanze\/\",\"name\":\"Kenya\",\"description\":\"\",\"potentialAction\":[{\"@type\":\"SearchAction\",\"target\":{\"@type\":\"EntryPoint\",\"urlTemplate\":\"https:\/\/kenya.evolutiontravel.it\/infovacanze\/?s={search_term_string}\"},\"query-input\":\"required name=search_term_string\"}],\"inLanguage\":\"it-IT\"}]}<\/script>\n<!-- \/ Yoast SEO plugin. -->","yoast_head_json":{"title":"Spiagge Kenya: da Malindi a Watamu ecco i litorali pi\u00f9 belli","description":"Stai pensando a una vacanza di spiagge e mare in Kenya? Leggi il nostro articolo e parti con Evolution Travel grazie alle nostre imperdibili offerte!","robots":{"index":"index","follow":"follow","max-snippet":"max-snippet:-1","max-image-preview":"max-image-preview:large","max-video-preview":"max-video-preview:-1"},"canonical":"https:\/\/kenya.evolutiontravel.it\/infovacanze\/vacanze\/kenya-spiagge\/","og_locale":"it_IT","og_type":"article","og_title":"Spiagge Kenya: da Malindi a Watamu ecco i litorali pi\u00f9 belli","og_description":"Stai pensando a una vacanza di spiagge e mare in Kenya? Leggi il nostro articolo e parti con Evolution Travel grazie alle nostre imperdibili offerte!","og_url":"https:\/\/kenya.evolutiontravel.it\/infovacanze\/vacanze\/kenya-spiagge\/","og_site_name":"Kenya","article_modified_time":"2018-11-14T14:45:07+00:00","og_image":[{"url":"https:\/\/kenya.evolutiontravel.it\/infovacanze\/wp-content\/uploads\/sites\/27\/2014\/05\/KENYA-Malindi-300x225.jpg"}],"twitter_misc":{"Tempo di lettura stimato":"1 minuto"},"schema":{"@context":"https:\/\/schema.org","@graph":[{"@type":"WebPage","@id":"https:\/\/kenya.evolutiontravel.it\/infovacanze\/vacanze\/kenya-spiagge\/","url":"https:\/\/kenya.evolutiontravel.it\/infovacanze\/vacanze\/kenya-spiagge\/","name":"Spiagge Kenya: da Malindi a Watamu ecco i litorali pi\u00f9 belli","isPartOf":{"@id":"https:\/\/kenya.evolutiontravel.it\/infovacanze\/#website"},"datePublished":"2014-06-11T14:17:33+00:00","dateModified":"2018-11-14T14:45:07+00:00","description":"Stai pensando a una vacanza di spiagge e mare in Kenya? Leggi il nostro articolo e parti con Evolution Travel grazie alle nostre imperdibili offerte!","breadcrumb":{"@id":"https:\/\/kenya.evolutiontravel.it\/infovacanze\/vacanze\/kenya-spiagge\/#breadcrumb"},"inLanguage":"it-IT","potentialAction":[{"@type":"ReadAction","target":["https:\/\/kenya.evolutiontravel.it\/infovacanze\/vacanze\/kenya-spiagge\/"]}]},{"@type":"BreadcrumbList","@id":"https:\/\/kenya.evolutiontravel.it\/infovacanze\/vacanze\/kenya-spiagge\/#breadcrumb","itemListElement":[{"@type":"ListItem","position":1,"name":"Vacanze in Kenya","item":"https:\/\/kenya.evolutiontravel.it\/infovacanze\/vacanze\/"},{"@type":"ListItem","position":2,"name":"Spiagge in Kenya"}]},{"@type":"WebSite","@id":"https:\/\/kenya.evolutiontravel.it\/infovacanze\/#website","url":"https:\/\/kenya.evolutiontravel.it\/infovacanze\/","name":"Kenya","description":"","potentialAction":[{"@type":"SearchAction","target":{"@type":"EntryPoint","urlTemplate":"https:\/\/kenya.evolutiontravel.it\/infovacanze\/?s={search_term_string}"},"query-input":"required name=search_term_string"}],"inLanguage":"it-IT"}]}},"_links":{"self":[{"href":"https:\/\/kenya.evolutiontravel.it\/infovacanze\/wp-json\/wp\/v2\/pages\/134"}],"collection":[{"href":"https:\/\/kenya.evolutiontravel.it\/infovacanze\/wp-json\/wp\/v2\/pages"}],"about":[{"href":"https:\/\/kenya.evolutiontravel.it\/infovacanze\/wp-json\/wp\/v2\/types\/page"}],"author":[{"embeddable":true,"href":"https:\/\/kenya.evolutiontravel.it\/infovacanze\/wp-json\/wp\/v2\/users\/1"}],"replies":[{"embeddable":true,"href":"https:\/\/kenya.evolutiontravel.it\/infovacanze\/wp-json\/wp\/v2\/comments?post=134"}],"version-history":[{"count":17,"href":"https:\/\/kenya.evolutiontravel.it\/infovacanze\/wp-json\/wp\/v2\/pages\/134\/revisions"}],"predecessor-version":[{"id":544,"href":"https:\/\/kenya.evolutiontravel.it\/infovacanze\/wp-json\/wp\/v2\/pages\/134\/revisions\/544"}],"up":[{"embeddable":true,"href":"https:\/\/kenya.evolutiontravel.it\/infovacanze\/wp-json\/wp\/v2\/pages\/111"}],"wp:attachment":[{"href":"https:\/\/kenya.evolutiontravel.it\/infovacanze\/wp-json\/wp\/v2\/media?parent=134"}],"curies":[{"name":"wp","href":"https:\/\/api.w.org\/{rel}","templated":true}]}}